{"id":228,"date":"2024-03-30T14:21:07","date_gmt":"2024-03-30T14:21:07","guid":{"rendered":"https:\/\/www.verredart.fr\/produit\/produit-79\/"},"modified":"2024-12-14T07:03:55","modified_gmt":"2024-12-14T07:03:55","slug":"collier-perle-blanche-soufflee-en-verre-file-picots-3d-rouge-et-blanc","status":"publish","type":"product","link":"https:\/\/www.verredart.fr\/en\/verre-dart-bijoux-en-verre-recycle\/collier-en-verre-recycle\/collier-perle-blanche-soufflee-en-verre-file-picots-3d-rouge-et-blanc\/","title":{"rendered":"Collier perle blanche souffl\u00e9e en verre fil\u00e9, picots 3D rouge et blanc"},"content":{"rendered":"<p>D\u00e9couvrez l&rsquo;\u00e9l\u00e9gance contemporaine avec le collier en acier inoxydable, agr\u00e9ment\u00e9 d&rsquo;une perle en verre fil\u00e9 au chalumeau. La perle blanche d\u00e9licate pr\u00e9sente des picots en 3D, en rouge et blanc, ajoutant une dimension artistique \u00e0 votre style. Optez pour un bijou unique, alliant modernit\u00e9 et cr\u00e9ativit\u00e9. Commandez maintenant pour une expression distinctive de votre sophistication.<\/p>","protected":false},"excerpt":{"rendered":"<p>D\u00e9couvrez l&rsquo;\u00e9l\u00e9gance contemporaine avec le collier en acier inoxydable, agr\u00e9ment\u00e9 d&rsquo;une perle en verre fil\u00e9 au chalumeau. La perle blanche d\u00e9licate pr\u00e9sente des picots en 3D, en rouge et blanc, ajoutant une dimension artistique \u00e0 votre style. Optez pour un bijou unique, alliant modernit\u00e9 et cr\u00e9ativit\u00e9. Commandez maintenant pour une expression distinctive de votre sophistication.<\/p>","protected":false},"featured_media":227,"template":"","meta":[],"product_brand":[],"product_cat":[22],"product_tag":[],"class_list":{"0":"post-228","1":"product","2":"type-product","3":"status-publish","4":"has-post-thumbnail","6":"product_cat-collier-en-verre-recycle","8":"entry","9":"has-media","11":"first","12":"outofstock","13":"shipping-taxable","14":"purchasable","15":"product-type-simple","16":"has-product-nav","17":"col","18":"span_1_of_3","19":"owp-content-center","20":"item-entry","21":"owp-thumbs-layout-vertical","22":"owp-btn-big","23":"owp-tabs-layout-horizontal","24":"has-no-thumbnails"},"yoast_head":"<!-- This site is optimized with the Yoast SEO plugin v27.5 - https:\/\/yoast.com\/product\/yoast-seo-wordpress\/ -->\n<title>Collier perle blanche souffl\u00e9e en verre fil\u00e9, picots 3D rouge et blanc - Verre d&#039;Art<\/title>\n<meta name=\"description\" content=\"Collier perle blanche souffl\u00e9e en verre fil\u00e9, picots 3D rouge et blanc. Explorez la collection de perles souffl\u00e9es en verre culinaire recycl\u00e9.\" \/>\n<meta name=\"robots\" content=\"index, follow, max-snippet:-1, max-image-preview:large, max-video-preview:-1\" \/>\n<link rel=\"canonical\" href=\"https:\/\/www.verredart.fr\/en\/verre-dart-bijoux-en-verre-recycle\/collier-en-verre-recycle\/collier-perle-blanche-soufflee-en-verre-file-picots-3d-rouge-et-blanc\/\" \/>\n<meta property=\"og:locale\" content=\"en_US\" \/>\n<meta property=\"og:type\" content=\"article\" \/>\n<meta property=\"og:title\" content=\"Collier perle blanche souffl\u00e9e en verre fil\u00e9, picots 3D rouge et blanc - Verre d&#039;Art\" \/>\n<meta property=\"og:description\" content=\"Collier perle blanche souffl\u00e9e en verre fil\u00e9, picots 3D rouge et blanc. Explorez la collection de perles souffl\u00e9es en verre culinaire recycl\u00e9.\" \/>\n<meta property=\"og:url\" content=\"https:\/\/www.verredart.fr\/en\/verre-dart-bijoux-en-verre-recycle\/collier-en-verre-recycle\/collier-perle-blanche-soufflee-en-verre-file-picots-3d-rouge-et-blanc\/\" \/>\n<meta property=\"og:site_name\" content=\"Verre d&#039;Art\" \/>\n<meta property=\"article:publisher\" content=\"https:\/\/www.facebook.com\/Verredart\" \/>\n<meta property=\"article:modified_time\" content=\"2024-12-14T07:03:55+00:00\" \/>\n<meta property=\"og:image\" content=\"https:\/\/www.verredart.fr\/wp-content\/uploads\/2024\/03\/ea7f9705-ec52-421c-bebf-69e1817bc9b5.jpeg\" \/>\n\t<meta property=\"og:image:width\" content=\"1080\" \/>\n\t<meta property=\"og:image:height\" content=\"1920\" \/>\n\t<meta property=\"og:image:type\" content=\"image\/jpeg\" \/>\n<meta name=\"twitter:card\" content=\"summary_large_image\" \/>\n<meta name=\"twitter:site\" content=\"@verredart\" \/>\n<meta name=\"twitter:label1\" content=\"Est. reading time\" \/>\n\t<meta name=\"twitter:data1\" content=\"1 minute\" \/>\n<script type=\"application\/ld+json\" class=\"yoast-schema-graph\">{\"@context\":\"https:\\\/\\\/schema.org\",\"@graph\":[{\"@type\":\"WebPage\",\"@id\":\"https:\\\/\\\/www.verredart.fr\\\/verre-dart-bijoux-en-verre-recycle\\\/collier-en-verre-recycle\\\/collier-perle-blanche-soufflee-en-verre-file-picots-3d-rouge-et-blanc\\\/\",\"url\":\"https:\\\/\\\/www.verredart.fr\\\/verre-dart-bijoux-en-verre-recycle\\\/collier-en-verre-recycle\\\/collier-perle-blanche-soufflee-en-verre-file-picots-3d-rouge-et-blanc\\\/\",\"name\":\"Collier perle blanche souffl\u00e9e en verre fil\u00e9, picots 3D rouge et blanc - Verre d&#039;Art\",\"isPartOf\":{\"@id\":\"https:\\\/\\\/www.verredart.fr\\\/#website\"},\"primaryImageOfPage\":{\"@id\":\"https:\\\/\\\/www.verredart.fr\\\/verre-dart-bijoux-en-verre-recycle\\\/collier-en-verre-recycle\\\/collier-perle-blanche-soufflee-en-verre-file-picots-3d-rouge-et-blanc\\\/#primaryimage\"},\"image\":{\"@id\":\"https:\\\/\\\/www.verredart.fr\\\/verre-dart-bijoux-en-verre-recycle\\\/collier-en-verre-recycle\\\/collier-perle-blanche-soufflee-en-verre-file-picots-3d-rouge-et-blanc\\\/#primaryimage\"},\"thumbnailUrl\":\"https:\\\/\\\/i0.wp.com\\\/www.verredart.fr\\\/wp-content\\\/uploads\\\/2024\\\/03\\\/ea7f9705-ec52-421c-bebf-69e1817bc9b5.jpeg?fit=1080%2C1920&ssl=1\",\"datePublished\":\"2024-03-30T14:21:07+00:00\",\"dateModified\":\"2024-12-14T07:03:55+00:00\",\"description\":\"Collier perle blanche souffl\u00e9e en verre fil\u00e9, picots 3D rouge et blanc. Explorez la collection de perles souffl\u00e9es en verre culinaire recycl\u00e9.\",\"breadcrumb\":{\"@id\":\"https:\\\/\\\/www.verredart.fr\\\/verre-dart-bijoux-en-verre-recycle\\\/collier-en-verre-recycle\\\/collier-perle-blanche-soufflee-en-verre-file-picots-3d-rouge-et-blanc\\\/#breadcrumb\"},\"inLanguage\":\"en-US\",\"potentialAction\":[{\"@type\":\"ReadAction\",\"target\":[\"https:\\\/\\\/www.verredart.fr\\\/verre-dart-bijoux-en-verre-recycle\\\/collier-en-verre-recycle\\\/collier-perle-blanche-soufflee-en-verre-file-picots-3d-rouge-et-blanc\\\/\"]}]},{\"@type\":\"ImageObject\",\"inLanguage\":\"en-US\",\"@id\":\"https:\\\/\\\/www.verredart.fr\\\/verre-dart-bijoux-en-verre-recycle\\\/collier-en-verre-recycle\\\/collier-perle-blanche-soufflee-en-verre-file-picots-3d-rouge-et-blanc\\\/#primaryimage\",\"url\":\"https:\\\/\\\/i0.wp.com\\\/www.verredart.fr\\\/wp-content\\\/uploads\\\/2024\\\/03\\\/ea7f9705-ec52-421c-bebf-69e1817bc9b5.jpeg?fit=1080%2C1920&ssl=1\",\"contentUrl\":\"https:\\\/\\\/i0.wp.com\\\/www.verredart.fr\\\/wp-content\\\/uploads\\\/2024\\\/03\\\/ea7f9705-ec52-421c-bebf-69e1817bc9b5.jpeg?fit=1080%2C1920&ssl=1\",\"width\":1080,\"height\":1920,\"caption\":\"Collier perle blanche souffl\u00e9e en verre fil\u00e9, picots 3D rouge et blanc\"},{\"@type\":\"BreadcrumbList\",\"@id\":\"https:\\\/\\\/www.verredart.fr\\\/verre-dart-bijoux-en-verre-recycle\\\/collier-en-verre-recycle\\\/collier-perle-blanche-soufflee-en-verre-file-picots-3d-rouge-et-blanc\\\/#breadcrumb\",\"itemListElement\":[{\"@type\":\"ListItem\",\"position\":1,\"name\":\"Collections\",\"item\":\"https:\\\/\\\/www.verredart.fr\\\/verre-dart-bijoux-en-verre-recycle\\\/boutique-bijoux-en-verre-culinaire-recycle\\\/\"},{\"@type\":\"ListItem\",\"position\":2,\"name\":\"Colliers\",\"item\":\"https:\\\/\\\/www.verredart.fr\\\/bijoux-en-verre-recycle\\\/collier-en-verre-recycle\\\/\"},{\"@type\":\"ListItem\",\"position\":3,\"name\":\"Collier perle blanche souffl\u00e9e en verre fil\u00e9, picots 3D rouge et blanc\"}]},{\"@type\":\"WebSite\",\"@id\":\"https:\\\/\\\/www.verredart.fr\\\/#website\",\"url\":\"https:\\\/\\\/www.verredart.fr\\\/\",\"name\":\"Verre d'Art\",\"description\":\"Recyclage de verre non recyclable en cr\u00e9ations uniques et engag\u00e9s\",\"publisher\":{\"@id\":\"https:\\\/\\\/www.verredart.fr\\\/#organization\"},\"potentialAction\":[{\"@type\":\"SearchAction\",\"target\":{\"@type\":\"EntryPoint\",\"urlTemplate\":\"https:\\\/\\\/www.verredart.fr\\\/?s={search_term_string}\"},\"query-input\":{\"@type\":\"PropertyValueSpecification\",\"valueRequired\":true,\"valueName\":\"search_term_string\"}}],\"inLanguage\":\"en-US\"},{\"@type\":\"Organization\",\"@id\":\"https:\\\/\\\/www.verredart.fr\\\/#organization\",\"name\":\"Verre d'Art\",\"url\":\"https:\\\/\\\/www.verredart.fr\\\/\",\"logo\":{\"@type\":\"ImageObject\",\"inLanguage\":\"en-US\",\"@id\":\"https:\\\/\\\/www.verredart.fr\\\/#\\\/schema\\\/logo\\\/image\\\/\",\"url\":\"\",\"contentUrl\":\"\",\"caption\":\"Verre d'Art\"},\"image\":{\"@id\":\"https:\\\/\\\/www.verredart.fr\\\/#\\\/schema\\\/logo\\\/image\\\/\"},\"sameAs\":[\"https:\\\/\\\/www.facebook.com\\\/Verredart\",\"https:\\\/\\\/x.com\\\/verredart\",\"https:\\\/\\\/www.instagram.com\\\/Verre_dart\",\"https:\\\/\\\/www.pinterest.fr\\\/verredart\\\/\"]}]}<\/script>\n<!-- \/ Yoast SEO plugin. -->","yoast_head_json":{"title":"Collier perle blanche souffl\u00e9e en verre fil\u00e9, picots 3D rouge et blanc - Verre d&#039;Art","description":"Collier perle blanche souffl\u00e9e en verre fil\u00e9, picots 3D rouge et blanc. Explorez la collection de perles souffl\u00e9es en verre culinaire recycl\u00e9.","robots":{"index":"index","follow":"follow","max-snippet":"max-snippet:-1","max-image-preview":"max-image-preview:large","max-video-preview":"max-video-preview:-1"},"canonical":"https:\/\/www.verredart.fr\/en\/verre-dart-bijoux-en-verre-recycle\/collier-en-verre-recycle\/collier-perle-blanche-soufflee-en-verre-file-picots-3d-rouge-et-blanc\/","og_locale":"en_US","og_type":"article","og_title":"Collier perle blanche souffl\u00e9e en verre fil\u00e9, picots 3D rouge et blanc - Verre d&#039;Art","og_description":"Collier perle blanche souffl\u00e9e en verre fil\u00e9, picots 3D rouge et blanc. Explorez la collection de perles souffl\u00e9es en verre culinaire recycl\u00e9.","og_url":"https:\/\/www.verredart.fr\/en\/verre-dart-bijoux-en-verre-recycle\/collier-en-verre-recycle\/collier-perle-blanche-soufflee-en-verre-file-picots-3d-rouge-et-blanc\/","og_site_name":"Verre d&#039;Art","article_publisher":"https:\/\/www.facebook.com\/Verredart","article_modified_time":"2024-12-14T07:03:55+00:00","og_image":[{"width":1080,"height":1920,"url":"https:\/\/www.verredart.fr\/wp-content\/uploads\/2024\/03\/ea7f9705-ec52-421c-bebf-69e1817bc9b5.jpeg","type":"image\/jpeg"}],"twitter_card":"summary_large_image","twitter_site":"@verredart","twitter_misc":{"Est. reading time":"1 minute"},"schema":{"@context":"https:\/\/schema.org","@graph":[{"@type":"WebPage","@id":"https:\/\/www.verredart.fr\/verre-dart-bijoux-en-verre-recycle\/collier-en-verre-recycle\/collier-perle-blanche-soufflee-en-verre-file-picots-3d-rouge-et-blanc\/","url":"https:\/\/www.verredart.fr\/verre-dart-bijoux-en-verre-recycle\/collier-en-verre-recycle\/collier-perle-blanche-soufflee-en-verre-file-picots-3d-rouge-et-blanc\/","name":"Collier perle blanche souffl\u00e9e en verre fil\u00e9, picots 3D rouge et blanc - Verre d&#039;Art","isPartOf":{"@id":"https:\/\/www.verredart.fr\/#website"},"primaryImageOfPage":{"@id":"https:\/\/www.verredart.fr\/verre-dart-bijoux-en-verre-recycle\/collier-en-verre-recycle\/collier-perle-blanche-soufflee-en-verre-file-picots-3d-rouge-et-blanc\/#primaryimage"},"image":{"@id":"https:\/\/www.verredart.fr\/verre-dart-bijoux-en-verre-recycle\/collier-en-verre-recycle\/collier-perle-blanche-soufflee-en-verre-file-picots-3d-rouge-et-blanc\/#primaryimage"},"thumbnailUrl":"https:\/\/i0.wp.com\/www.verredart.fr\/wp-content\/uploads\/2024\/03\/ea7f9705-ec52-421c-bebf-69e1817bc9b5.jpeg?fit=1080%2C1920&ssl=1","datePublished":"2024-03-30T14:21:07+00:00","dateModified":"2024-12-14T07:03:55+00:00","description":"Collier perle blanche souffl\u00e9e en verre fil\u00e9, picots 3D rouge et blanc. Explorez la collection de perles souffl\u00e9es en verre culinaire recycl\u00e9.","breadcrumb":{"@id":"https:\/\/www.verredart.fr\/verre-dart-bijoux-en-verre-recycle\/collier-en-verre-recycle\/collier-perle-blanche-soufflee-en-verre-file-picots-3d-rouge-et-blanc\/#breadcrumb"},"inLanguage":"en-US","potentialAction":[{"@type":"ReadAction","target":["https:\/\/www.verredart.fr\/verre-dart-bijoux-en-verre-recycle\/collier-en-verre-recycle\/collier-perle-blanche-soufflee-en-verre-file-picots-3d-rouge-et-blanc\/"]}]},{"@type":"ImageObject","inLanguage":"en-US","@id":"https:\/\/www.verredart.fr\/verre-dart-bijoux-en-verre-recycle\/collier-en-verre-recycle\/collier-perle-blanche-soufflee-en-verre-file-picots-3d-rouge-et-blanc\/#primaryimage","url":"https:\/\/i0.wp.com\/www.verredart.fr\/wp-content\/uploads\/2024\/03\/ea7f9705-ec52-421c-bebf-69e1817bc9b5.jpeg?fit=1080%2C1920&ssl=1","contentUrl":"https:\/\/i0.wp.com\/www.verredart.fr\/wp-content\/uploads\/2024\/03\/ea7f9705-ec52-421c-bebf-69e1817bc9b5.jpeg?fit=1080%2C1920&ssl=1","width":1080,"height":1920,"caption":"Collier perle blanche souffl\u00e9e en verre fil\u00e9, picots 3D rouge et blanc"},{"@type":"BreadcrumbList","@id":"https:\/\/www.verredart.fr\/verre-dart-bijoux-en-verre-recycle\/collier-en-verre-recycle\/collier-perle-blanche-soufflee-en-verre-file-picots-3d-rouge-et-blanc\/#breadcrumb","itemListElement":[{"@type":"ListItem","position":1,"name":"Collections","item":"https:\/\/www.verredart.fr\/verre-dart-bijoux-en-verre-recycle\/boutique-bijoux-en-verre-culinaire-recycle\/"},{"@type":"ListItem","position":2,"name":"Colliers","item":"https:\/\/www.verredart.fr\/bijoux-en-verre-recycle\/collier-en-verre-recycle\/"},{"@type":"ListItem","position":3,"name":"Collier perle blanche souffl\u00e9e en verre fil\u00e9, picots 3D rouge et blanc"}]},{"@type":"WebSite","@id":"https:\/\/www.verredart.fr\/#website","url":"https:\/\/www.verredart.fr\/","name":"Verre d'Art","description":"Recyclage de verre non recyclable en cr\u00e9ations uniques et engag\u00e9s","publisher":{"@id":"https:\/\/www.verredart.fr\/#organization"},"potentialAction":[{"@type":"SearchAction","target":{"@type":"EntryPoint","urlTemplate":"https:\/\/www.verredart.fr\/?s={search_term_string}"},"query-input":{"@type":"PropertyValueSpecification","valueRequired":true,"valueName":"search_term_string"}}],"inLanguage":"en-US"},{"@type":"Organization","@id":"https:\/\/www.verredart.fr\/#organization","name":"Verre d'Art","url":"https:\/\/www.verredart.fr\/","logo":{"@type":"ImageObject","inLanguage":"en-US","@id":"https:\/\/www.verredart.fr\/#\/schema\/logo\/image\/","url":"","contentUrl":"","caption":"Verre d'Art"},"image":{"@id":"https:\/\/www.verredart.fr\/#\/schema\/logo\/image\/"},"sameAs":["https:\/\/www.facebook.com\/Verredart","https:\/\/x.com\/verredart","https:\/\/www.instagram.com\/Verre_dart","https:\/\/www.pinterest.fr\/verredart\/"]}]}},"jetpack_sharing_enabled":true,"_links":{"self":[{"href":"https:\/\/www.verredart.fr\/en\/wp-json\/wp\/v2\/product\/228","targetHints":{"allow":["GET"]}}],"collection":[{"href":"https:\/\/www.verredart.fr\/en\/wp-json\/wp\/v2\/product"}],"about":[{"href":"https:\/\/www.verredart.fr\/en\/wp-json\/wp\/v2\/types\/product"}],"wp:featuredmedia":[{"embeddable":true,"href":"https:\/\/www.verredart.fr\/en\/wp-json\/wp\/v2\/media\/227"}],"wp:attachment":[{"href":"https:\/\/www.verredart.fr\/en\/wp-json\/wp\/v2\/media?parent=228"}],"wp:term":[{"taxonomy":"product_brand","embeddable":true,"href":"https:\/\/www.verredart.fr\/en\/wp-json\/wp\/v2\/product_brand?post=228"},{"taxonomy":"product_cat","embeddable":true,"href":"https:\/\/www.verredart.fr\/en\/wp-json\/wp\/v2\/product_cat?post=228"},{"taxonomy":"product_tag","embeddable":true,"href":"https:\/\/www.verredart.fr\/en\/wp-json\/wp\/v2\/product_tag?post=228"}],"curies":[{"name":"wp","href":"https:\/\/api.w.org\/{rel}","templated":true}]}}