{"id":269,"date":"2024-03-30T14:21:29","date_gmt":"2024-03-30T14:21:29","guid":{"rendered":"https:\/\/www.verredart.fr\/produit\/produit-101\/"},"modified":"2025-02-19T18:17:59","modified_gmt":"2025-02-19T18:17:59","slug":"collier-cordon-pvc-perles-noires-blanches-en-verre-recycle-artistique","status":"publish","type":"product","link":"https:\/\/www.verredart.fr\/en\/verre-dart-bijoux-en-verre-recycle\/collier-en-verre-recycle\/collier-cordon-pvc-perles-noires-blanches-en-verre-recycle-artistique\/","title":{"rendered":"Collier cordon PVC perles noires blanches en verre"},"content":{"rendered":"<p><audio class=\"audio-for-speech\"><\/audio><\/p>\n<div class=\"translate-tooltip-mtz translator-hidden\">\n<div class=\"header\">\n<div class=\"header-controls\">Translator<\/div>\n<div class=\"header-controls\"><\/div>\n<div class=\"header-controls\"><\/div>\n<\/div>\n<div class=\"translated-text\">\n<div class=\"words\"><\/div>\n<div class=\"sentences\"><\/div>\n<\/div>\n<\/div>\n<p>&nbsp;<\/p>\n<p>Explorez le charme unique de notre collier en cordon PVC, agr\u00e9ment\u00e9 de perles \u00e9tir\u00e9es blanches et noires aux subtils reflets violets. L&rsquo;association audacieuse de couleurs et de mat\u00e9riaux cr\u00e9e un bijou captivant. Les perles \u00e9tir\u00e9es ajoutent une dimension artistique, tandis que le cordon PVC assure l\u00e9g\u00e8ret\u00e9 et confort. Un accessoire original qui fusionne modernit\u00e9 et \u00e9clat, parfait pour exprimer votre style distinctif. Optez pour ce collier exceptionnel, une pi\u00e8ce qui incarne l&rsquo;\u00e9l\u00e9gance et l&rsquo;originalit\u00e9 d&rsquo;une longueur de 45 cm<\/p>","protected":false},"excerpt":{"rendered":"<p><audio class=\"audio-for-speech\"><\/audio><\/p>\n<div class=\"translate-tooltip-mtz translator-hidden\">\n<div class=\"header\">\n<div class=\"header-controls\">Translator<\/div>\n<div class=\"header-controls\"><\/div>\n<div class=\"header-controls\"><\/div>\n<\/div>\n<div class=\"translated-text\">\n<div class=\"words\"><\/div>\n<div class=\"sentences\"><\/div>\n<\/div>\n<\/div>\n<p>&nbsp;<\/p>\n<p>D\u00e9couvrez notre collier en cordon PVC avec perles \u00e9tir\u00e9es blanches et noires aux reflets violets, une cr\u00e9ation unique pour un style \u00e9clatant. Les perles offrent une texture fascinante, tandis que les nuances de noir et de blanc, rehauss\u00e9es de reflets violets, ajoutent une touche de sophistication \u00e0 ce bijou. Port\u00e9 sur un cordon PVC r\u00e9sistant, ce collier est l\u00e9ger et durable. Avec sa fermeture s\u00e9curis\u00e9e, il reste bien en place tout au long de la journ\u00e9e. Polyvalent et audacieux, ce collier est parfait pour toute occasion o\u00f9 vous souhaitez vous d\u00e9marquer avec \u00e9l\u00e9gance.<\/p>","protected":false},"featured_media":268,"template":"","meta":[],"product_brand":[],"product_cat":[22],"product_tag":[],"class_list":{"0":"post-269","1":"product","2":"type-product","3":"status-publish","4":"has-post-thumbnail","6":"product_cat-collier-en-verre-recycle","8":"entry","9":"has-media","11":"first","12":"outofstock","13":"shipping-taxable","14":"purchasable","15":"product-type-simple","16":"has-product-nav","17":"col","18":"span_1_of_3","19":"owp-content-center","20":"item-entry","21":"owp-thumbs-layout-vertical","22":"owp-btn-big","23":"owp-tabs-layout-horizontal"},"yoast_head":"<!-- This site is optimized with the Yoast SEO plugin v27.5 - https:\/\/yoast.com\/product\/yoast-seo-wordpress\/ -->\n<title>Collier cordon PVC perles noires blanches en verre - Verre d&#039;Art<\/title>\n<meta name=\"description\" content=\"Collier en cordon PVC avec perles \u00e9tir\u00e9es blanches et noires aux reflets violets, une cr\u00e9ation unique pour un style \u00e9clatant.\" \/>\n<meta name=\"robots\" content=\"index, follow, max-snippet:-1, max-image-preview:large, max-video-preview:-1\" \/>\n<link rel=\"canonical\" href=\"https:\/\/www.verredart.fr\/en\/verre-dart-bijoux-en-verre-recycle\/adoptes-par-les-clients-de-la-boutique-verre-dart\/collier-cordon-pvc-perles-noires-blanches-en-verre-recycle-artistique\/\" \/>\n<meta property=\"og:locale\" content=\"en_US\" \/>\n<meta property=\"og:type\" content=\"article\" \/>\n<meta property=\"og:title\" content=\"Collier cordon PVC perles noires blanches en verre - Verre d&#039;Art\" \/>\n<meta property=\"og:description\" content=\"Collier en cordon PVC avec perles \u00e9tir\u00e9es blanches et noires aux reflets violets, une cr\u00e9ation unique pour un style \u00e9clatant.\" \/>\n<meta property=\"og:url\" content=\"https:\/\/www.verredart.fr\/en\/verre-dart-bijoux-en-verre-recycle\/adoptes-par-les-clients-de-la-boutique-verre-dart\/collier-cordon-pvc-perles-noires-blanches-en-verre-recycle-artistique\/\" \/>\n<meta property=\"og:site_name\" content=\"Verre d&#039;Art\" \/>\n<meta property=\"article:publisher\" content=\"https:\/\/www.facebook.com\/Verredart\" \/>\n<meta property=\"article:modified_time\" content=\"2025-02-19T18:17:59+00:00\" \/>\n<meta property=\"og:image\" content=\"https:\/\/www.verredart.fr\/wp-content\/uploads\/2024\/03\/14934edd-4623-416c-9c38-725c1c21c759.jpeg\" \/>\n\t<meta property=\"og:image:width\" content=\"1134\" \/>\n\t<meta property=\"og:image:height\" content=\"2016\" \/>\n\t<meta property=\"og:image:type\" content=\"image\/jpeg\" \/>\n<meta name=\"twitter:card\" content=\"summary_large_image\" \/>\n<meta name=\"twitter:site\" content=\"@verredart\" \/>\n<meta name=\"twitter:label1\" content=\"Est. reading time\" \/>\n\t<meta name=\"twitter:data1\" content=\"1 minute\" \/>\n<script type=\"application\/ld+json\" class=\"yoast-schema-graph\">{\"@context\":\"https:\\\/\\\/schema.org\",\"@graph\":[{\"@type\":\"WebPage\",\"@id\":\"https:\\\/\\\/www.verredart.fr\\\/verre-dart-bijoux-en-verre-recycle\\\/adoptes-par-les-clients-de-la-boutique-verre-dart\\\/collier-cordon-pvc-perles-noires-blanches-en-verre-recycle-artistique\\\/\",\"url\":\"https:\\\/\\\/www.verredart.fr\\\/verre-dart-bijoux-en-verre-recycle\\\/adoptes-par-les-clients-de-la-boutique-verre-dart\\\/collier-cordon-pvc-perles-noires-blanches-en-verre-recycle-artistique\\\/\",\"name\":\"Collier cordon PVC perles noires blanches en verre - Verre d&#039;Art\",\"isPartOf\":{\"@id\":\"https:\\\/\\\/www.verredart.fr\\\/#website\"},\"primaryImageOfPage\":{\"@id\":\"https:\\\/\\\/www.verredart.fr\\\/verre-dart-bijoux-en-verre-recycle\\\/adoptes-par-les-clients-de-la-boutique-verre-dart\\\/collier-cordon-pvc-perles-noires-blanches-en-verre-recycle-artistique\\\/#primaryimage\"},\"image\":{\"@id\":\"https:\\\/\\\/www.verredart.fr\\\/verre-dart-bijoux-en-verre-recycle\\\/adoptes-par-les-clients-de-la-boutique-verre-dart\\\/collier-cordon-pvc-perles-noires-blanches-en-verre-recycle-artistique\\\/#primaryimage\"},\"thumbnailUrl\":\"https:\\\/\\\/i0.wp.com\\\/www.verredart.fr\\\/wp-content\\\/uploads\\\/2024\\\/03\\\/14934edd-4623-416c-9c38-725c1c21c759.jpeg?fit=1134%2C2016&ssl=1\",\"datePublished\":\"2024-03-30T14:21:29+00:00\",\"dateModified\":\"2025-02-19T18:17:59+00:00\",\"description\":\"Collier en cordon PVC avec perles \u00e9tir\u00e9es blanches et noires aux reflets violets, une cr\u00e9ation unique pour un style \u00e9clatant.\",\"breadcrumb\":{\"@id\":\"https:\\\/\\\/www.verredart.fr\\\/verre-dart-bijoux-en-verre-recycle\\\/adoptes-par-les-clients-de-la-boutique-verre-dart\\\/collier-cordon-pvc-perles-noires-blanches-en-verre-recycle-artistique\\\/#breadcrumb\"},\"inLanguage\":\"en-US\",\"potentialAction\":[{\"@type\":\"ReadAction\",\"target\":[\"https:\\\/\\\/www.verredart.fr\\\/verre-dart-bijoux-en-verre-recycle\\\/adoptes-par-les-clients-de-la-boutique-verre-dart\\\/collier-cordon-pvc-perles-noires-blanches-en-verre-recycle-artistique\\\/\"]}]},{\"@type\":\"ImageObject\",\"inLanguage\":\"en-US\",\"@id\":\"https:\\\/\\\/www.verredart.fr\\\/verre-dart-bijoux-en-verre-recycle\\\/adoptes-par-les-clients-de-la-boutique-verre-dart\\\/collier-cordon-pvc-perles-noires-blanches-en-verre-recycle-artistique\\\/#primaryimage\",\"url\":\"https:\\\/\\\/i0.wp.com\\\/www.verredart.fr\\\/wp-content\\\/uploads\\\/2024\\\/03\\\/14934edd-4623-416c-9c38-725c1c21c759.jpeg?fit=1134%2C2016&ssl=1\",\"contentUrl\":\"https:\\\/\\\/i0.wp.com\\\/www.verredart.fr\\\/wp-content\\\/uploads\\\/2024\\\/03\\\/14934edd-4623-416c-9c38-725c1c21c759.jpeg?fit=1134%2C2016&ssl=1\",\"width\":1134,\"height\":2016,\"caption\":\"Collier cordon PVC perles noires blanches\"},{\"@type\":\"BreadcrumbList\",\"@id\":\"https:\\\/\\\/www.verredart.fr\\\/verre-dart-bijoux-en-verre-recycle\\\/adoptes-par-les-clients-de-la-boutique-verre-dart\\\/collier-cordon-pvc-perles-noires-blanches-en-verre-recycle-artistique\\\/#breadcrumb\",\"itemListElement\":[{\"@type\":\"ListItem\",\"position\":1,\"name\":\"Collections\",\"item\":\"https:\\\/\\\/www.verredart.fr\\\/verre-dart-bijoux-en-verre-recycle\\\/boutique-bijoux-en-verre-culinaire-recycle\\\/\"},{\"@type\":\"ListItem\",\"position\":2,\"name\":\"Colliers\",\"item\":\"https:\\\/\\\/www.verredart.fr\\\/bijoux-en-verre-recycle\\\/collier-en-verre-recycle\\\/\"},{\"@type\":\"ListItem\",\"position\":3,\"name\":\"Collier cordon PVC perles noires blanches en verre\"}]},{\"@type\":\"WebSite\",\"@id\":\"https:\\\/\\\/www.verredart.fr\\\/#website\",\"url\":\"https:\\\/\\\/www.verredart.fr\\\/\",\"name\":\"Verre d'Art\",\"description\":\"Recyclage de verre non recyclable en cr\u00e9ations uniques et engag\u00e9s\",\"publisher\":{\"@id\":\"https:\\\/\\\/www.verredart.fr\\\/#organization\"},\"potentialAction\":[{\"@type\":\"SearchAction\",\"target\":{\"@type\":\"EntryPoint\",\"urlTemplate\":\"https:\\\/\\\/www.verredart.fr\\\/?s={search_term_string}\"},\"query-input\":{\"@type\":\"PropertyValueSpecification\",\"valueRequired\":true,\"valueName\":\"search_term_string\"}}],\"inLanguage\":\"en-US\"},{\"@type\":\"Organization\",\"@id\":\"https:\\\/\\\/www.verredart.fr\\\/#organization\",\"name\":\"Verre d'Art\",\"url\":\"https:\\\/\\\/www.verredart.fr\\\/\",\"logo\":{\"@type\":\"ImageObject\",\"inLanguage\":\"en-US\",\"@id\":\"https:\\\/\\\/www.verredart.fr\\\/#\\\/schema\\\/logo\\\/image\\\/\",\"url\":\"\",\"contentUrl\":\"\",\"caption\":\"Verre d'Art\"},\"image\":{\"@id\":\"https:\\\/\\\/www.verredart.fr\\\/#\\\/schema\\\/logo\\\/image\\\/\"},\"sameAs\":[\"https:\\\/\\\/www.facebook.com\\\/Verredart\",\"https:\\\/\\\/x.com\\\/verredart\",\"https:\\\/\\\/www.instagram.com\\\/Verre_dart\",\"https:\\\/\\\/www.pinterest.fr\\\/verredart\\\/\"]}]}<\/script>\n<!-- \/ Yoast SEO plugin. -->","yoast_head_json":{"title":"Collier cordon PVC perles noires blanches en verre - Verre d&#039;Art","description":"Collier en cordon PVC avec perles \u00e9tir\u00e9es blanches et noires aux reflets violets, une cr\u00e9ation unique pour un style \u00e9clatant.","robots":{"index":"index","follow":"follow","max-snippet":"max-snippet:-1","max-image-preview":"max-image-preview:large","max-video-preview":"max-video-preview:-1"},"canonical":"https:\/\/www.verredart.fr\/en\/verre-dart-bijoux-en-verre-recycle\/adoptes-par-les-clients-de-la-boutique-verre-dart\/collier-cordon-pvc-perles-noires-blanches-en-verre-recycle-artistique\/","og_locale":"en_US","og_type":"article","og_title":"Collier cordon PVC perles noires blanches en verre - Verre d&#039;Art","og_description":"Collier en cordon PVC avec perles \u00e9tir\u00e9es blanches et noires aux reflets violets, une cr\u00e9ation unique pour un style \u00e9clatant.","og_url":"https:\/\/www.verredart.fr\/en\/verre-dart-bijoux-en-verre-recycle\/adoptes-par-les-clients-de-la-boutique-verre-dart\/collier-cordon-pvc-perles-noires-blanches-en-verre-recycle-artistique\/","og_site_name":"Verre d&#039;Art","article_publisher":"https:\/\/www.facebook.com\/Verredart","article_modified_time":"2025-02-19T18:17:59+00:00","og_image":[{"width":1134,"height":2016,"url":"https:\/\/www.verredart.fr\/wp-content\/uploads\/2024\/03\/14934edd-4623-416c-9c38-725c1c21c759.jpeg","type":"image\/jpeg"}],"twitter_card":"summary_large_image","twitter_site":"@verredart","twitter_misc":{"Est. reading time":"1 minute"},"schema":{"@context":"https:\/\/schema.org","@graph":[{"@type":"WebPage","@id":"https:\/\/www.verredart.fr\/verre-dart-bijoux-en-verre-recycle\/adoptes-par-les-clients-de-la-boutique-verre-dart\/collier-cordon-pvc-perles-noires-blanches-en-verre-recycle-artistique\/","url":"https:\/\/www.verredart.fr\/verre-dart-bijoux-en-verre-recycle\/adoptes-par-les-clients-de-la-boutique-verre-dart\/collier-cordon-pvc-perles-noires-blanches-en-verre-recycle-artistique\/","name":"Collier cordon PVC perles noires blanches en verre - Verre d&#039;Art","isPartOf":{"@id":"https:\/\/www.verredart.fr\/#website"},"primaryImageOfPage":{"@id":"https:\/\/www.verredart.fr\/verre-dart-bijoux-en-verre-recycle\/adoptes-par-les-clients-de-la-boutique-verre-dart\/collier-cordon-pvc-perles-noires-blanches-en-verre-recycle-artistique\/#primaryimage"},"image":{"@id":"https:\/\/www.verredart.fr\/verre-dart-bijoux-en-verre-recycle\/adoptes-par-les-clients-de-la-boutique-verre-dart\/collier-cordon-pvc-perles-noires-blanches-en-verre-recycle-artistique\/#primaryimage"},"thumbnailUrl":"https:\/\/i0.wp.com\/www.verredart.fr\/wp-content\/uploads\/2024\/03\/14934edd-4623-416c-9c38-725c1c21c759.jpeg?fit=1134%2C2016&ssl=1","datePublished":"2024-03-30T14:21:29+00:00","dateModified":"2025-02-19T18:17:59+00:00","description":"Collier en cordon PVC avec perles \u00e9tir\u00e9es blanches et noires aux reflets violets, une cr\u00e9ation unique pour un style \u00e9clatant.","breadcrumb":{"@id":"https:\/\/www.verredart.fr\/verre-dart-bijoux-en-verre-recycle\/adoptes-par-les-clients-de-la-boutique-verre-dart\/collier-cordon-pvc-perles-noires-blanches-en-verre-recycle-artistique\/#breadcrumb"},"inLanguage":"en-US","potentialAction":[{"@type":"ReadAction","target":["https:\/\/www.verredart.fr\/verre-dart-bijoux-en-verre-recycle\/adoptes-par-les-clients-de-la-boutique-verre-dart\/collier-cordon-pvc-perles-noires-blanches-en-verre-recycle-artistique\/"]}]},{"@type":"ImageObject","inLanguage":"en-US","@id":"https:\/\/www.verredart.fr\/verre-dart-bijoux-en-verre-recycle\/adoptes-par-les-clients-de-la-boutique-verre-dart\/collier-cordon-pvc-perles-noires-blanches-en-verre-recycle-artistique\/#primaryimage","url":"https:\/\/i0.wp.com\/www.verredart.fr\/wp-content\/uploads\/2024\/03\/14934edd-4623-416c-9c38-725c1c21c759.jpeg?fit=1134%2C2016&ssl=1","contentUrl":"https:\/\/i0.wp.com\/www.verredart.fr\/wp-content\/uploads\/2024\/03\/14934edd-4623-416c-9c38-725c1c21c759.jpeg?fit=1134%2C2016&ssl=1","width":1134,"height":2016,"caption":"Collier cordon PVC perles noires blanches"},{"@type":"BreadcrumbList","@id":"https:\/\/www.verredart.fr\/verre-dart-bijoux-en-verre-recycle\/adoptes-par-les-clients-de-la-boutique-verre-dart\/collier-cordon-pvc-perles-noires-blanches-en-verre-recycle-artistique\/#breadcrumb","itemListElement":[{"@type":"ListItem","position":1,"name":"Collections","item":"https:\/\/www.verredart.fr\/verre-dart-bijoux-en-verre-recycle\/boutique-bijoux-en-verre-culinaire-recycle\/"},{"@type":"ListItem","position":2,"name":"Colliers","item":"https:\/\/www.verredart.fr\/bijoux-en-verre-recycle\/collier-en-verre-recycle\/"},{"@type":"ListItem","position":3,"name":"Collier cordon PVC perles noires blanches en verre"}]},{"@type":"WebSite","@id":"https:\/\/www.verredart.fr\/#website","url":"https:\/\/www.verredart.fr\/","name":"Verre d'Art","description":"Recyclage de verre non recyclable en cr\u00e9ations uniques et engag\u00e9s","publisher":{"@id":"https:\/\/www.verredart.fr\/#organization"},"potentialAction":[{"@type":"SearchAction","target":{"@type":"EntryPoint","urlTemplate":"https:\/\/www.verredart.fr\/?s={search_term_string}"},"query-input":{"@type":"PropertyValueSpecification","valueRequired":true,"valueName":"search_term_string"}}],"inLanguage":"en-US"},{"@type":"Organization","@id":"https:\/\/www.verredart.fr\/#organization","name":"Verre d'Art","url":"https:\/\/www.verredart.fr\/","logo":{"@type":"ImageObject","inLanguage":"en-US","@id":"https:\/\/www.verredart.fr\/#\/schema\/logo\/image\/","url":"","contentUrl":"","caption":"Verre d'Art"},"image":{"@id":"https:\/\/www.verredart.fr\/#\/schema\/logo\/image\/"},"sameAs":["https:\/\/www.facebook.com\/Verredart","https:\/\/x.com\/verredart","https:\/\/www.instagram.com\/Verre_dart","https:\/\/www.pinterest.fr\/verredart\/"]}]}},"jetpack_sharing_enabled":true,"_links":{"self":[{"href":"https:\/\/www.verredart.fr\/en\/wp-json\/wp\/v2\/product\/269","targetHints":{"allow":["GET"]}}],"collection":[{"href":"https:\/\/www.verredart.fr\/en\/wp-json\/wp\/v2\/product"}],"about":[{"href":"https:\/\/www.verredart.fr\/en\/wp-json\/wp\/v2\/types\/product"}],"wp:featuredmedia":[{"embeddable":true,"href":"https:\/\/www.verredart.fr\/en\/wp-json\/wp\/v2\/media\/268"}],"wp:attachment":[{"href":"https:\/\/www.verredart.fr\/en\/wp-json\/wp\/v2\/media?parent=269"}],"wp:term":[{"taxonomy":"product_brand","embeddable":true,"href":"https:\/\/www.verredart.fr\/en\/wp-json\/wp\/v2\/product_brand?post=269"},{"taxonomy":"product_cat","embeddable":true,"href":"https:\/\/www.verredart.fr\/en\/wp-json\/wp\/v2\/product_cat?post=269"},{"taxonomy":"product_tag","embeddable":true,"href":"https:\/\/www.verredart.fr\/en\/wp-json\/wp\/v2\/product_tag?post=269"}],"curies":[{"name":"wp","href":"https:\/\/api.w.org\/{rel}","templated":true}]}}