{"id":3122,"date":"2024-09-22T11:10:18","date_gmt":"2024-09-22T11:10:18","guid":{"rendered":"https:\/\/www.verredart.fr\/?post_type=product&#038;p=3122"},"modified":"2026-04-23T18:19:48","modified_gmt":"2026-04-23T18:19:48","slug":"pendentif-cuir-noi-et-verre-recycle-non-recyclable","status":"publish","type":"product","link":"https:\/\/www.verredart.fr\/en\/verre-dart-bijoux-en-verre-recycle\/collier-en-verre-recycle\/pendentif-cuir-noi-et-verre-recycle-non-recyclable\/","title":{"rendered":"Collier pendentif cuir noir et verre recycl\u00e9 blanc arbre de vie"},"content":{"rendered":"<p><audio class=\"audio-for-speech\"><\/audio><\/p>\n<div class=\"translate-tooltip-mtz translator-hidden\">\n<div class=\"header\">\n<div class=\"header-controls\">Translator<\/div>\n<div class=\"header-controls\"><\/div>\n<div class=\"header-controls\"><\/div>\n<\/div>\n<div class=\"translated-text\">\n<div class=\"words\"><\/div>\n<div class=\"sentences\"><\/div>\n<\/div>\n<\/div>\n<p>&nbsp;<\/p>\n<h2 class=\"\" data-sourcepos=\"20:1-20:75\"><strong>Pendentif en cuir noir et verre recycl\u00e9 : un bijou unique et \u00e9thique<\/strong><\/h2>\n<h3 class=\"\" data-sourcepos=\"22:1-22:55\"><strong>Un design inspir\u00e9 de la nature et de l&rsquo;histoire<\/strong><\/h3>\n<p data-sourcepos=\"24:1-24:362\">Ce <strong>pendentif en cuir noir<\/strong> est bien plus qu&rsquo;un simple bijou. Il est le fruit d&rsquo;un savoir-faire artisanal et d&rsquo;une d\u00e9marche \u00e9co-responsable. Son design, inspir\u00e9 de la mythologie nordique, \u00e9voque la force et la protection. Le <a href=\"https:\/\/www.verredart.fr\/en\/a-propos-de-verre-dart\/recyclage-de-verre-culinaire\/\"><strong>verre recycl\u00e9<\/strong><\/a> qui compose l&rsquo;insert central repr\u00e9sente un <strong>arbre de vie<\/strong>, symbole universel de croissance et de renaissance.<\/p>\n<h3 class=\"\" data-sourcepos=\"26:1-26:32\"><strong>Un bijou \u00e9co-responsable<\/strong><\/h3>\n<p data-sourcepos=\"28:1-28:50\">En choisissant ce pendentif, vous optez pour un <strong>accessoire de mode durable<\/strong> et respectueux de l&rsquo;environnement. Le <strong>verre recycl\u00e9<\/strong> utilis\u00e9 pour la cr\u00e9ation de ce bijou provient des <a href=\"https:\/\/www.verredart.fr\/en\/a-propos-de-verre-dart\/recyclage-de-verre-culinaire\/points-de-collectes-de-verre-non-recyclable-assiettes-vase-lustres-y-serons-recycle-enfin\/\"><strong>points de collectes de verre<\/strong><\/a>. Gr\u00e2ce \u00e0 ce proc\u00e9d\u00e9, je donne une seconde vie \u00e0 des mat\u00e9riaux destin\u00e9s \u00e0 la d\u00e9charge.<\/p>\n<h3 class=\"\" data-sourcepos=\"30:1-30:42\"><strong>Un cadeau original et personnalis\u00e9<\/strong><\/h3>\n<p data-sourcepos=\"32:1-32:245\">Ce <strong>pendentif unique<\/strong> fera un cadeau parfait pour les amateurs de bijoux originaux et ceux qui souhaitent s&rsquo;engager dans une mode plus responsable. Il peut \u00eatre port\u00e9 aussi bien par les hommes que par les femmes, et s&rsquo;adapte \u00e0 tous les styles.<\/p>\n<h3 class=\"\" data-sourcepos=\"36:1-36:38\"><strong>Les avantages de ce pendentif en cuir et verre recycl\u00e9 :<br \/>\n<\/strong><\/h3>\n<ul>\n<li><strong>Design original:<\/strong> Un m\u00e9lange unique de <strong>styles scandinave <\/strong>et \u00e9cologique<\/li>\n<li data-sourcepos=\"39:1-39:55\"><strong>Mat\u00e9riaux nobles:<\/strong> Cuir v\u00e9ritable et verre recycl\u00e9<\/li>\n<li data-sourcepos=\"40:1-40:53\"><strong>Fabrication artisanale:<\/strong> Chaque pi\u00e8ce est unique<\/li>\n<li data-sourcepos=\"41:1-41:47\"><strong>\u00c9co-responsable:<\/strong> Un geste pour la plan\u00e8te<\/li>\n<\/ul>\n<p data-sourcepos=\"44:1-44:166\"><strong>Commandez d\u00e8s maintenant votre pendentif hache et rejoignez la communaut\u00e9 des consommateurs responsables !<\/strong><\/p>","protected":false},"excerpt":{"rendered":"<p><audio class=\"audio-for-speech\"><\/audio><\/p>\n<div class=\"translate-tooltip-mtz translator-hidden\">\n<div class=\"header\">\n<div class=\"header-controls\">Translator<\/div>\n<div class=\"header-controls\"><\/div>\n<div class=\"header-controls\"><\/div>\n<\/div>\n<div class=\"translated-text\">\n<div class=\"words\"><\/div>\n<div class=\"sentences\"><\/div>\n<\/div>\n<\/div>\n<p>&nbsp;<\/p>\n<h2 class=\"\" data-sourcepos=\"67:1-67:46\"><strong>Pendentif en cuir noir en verre recycl\u00e9<\/strong><\/h2>\n<p data-sourcepos=\"69:1-69:15\">D\u00e9couvrez le <strong>pendentif hache en cuir noir<\/strong> avec insert en <strong>verre recycl\u00e9<\/strong> repr\u00e9sentant un arbre de vie. Un bijou unique, \u00e9co-responsable et fait main, parfait pour les amateurs de mode durable.<\/p>\n<p data-sourcepos=\"73:1-73:178\">Offrez-vous un bijou charg\u00e9 d&rsquo;histoire et porteur de sens. Ce pendentif allie esth\u00e9tique et \u00e9thique, en utilisant des mat\u00e9riaux nobles et en valorisant le savoir-faire artisanal.<\/p>\n<p data-sourcepos=\"75:1-75:104\"><strong>Commandez d\u00e8s maintenant votre pendentif et rejoignez la communaut\u00e9 des consommateurs responsables !<\/strong><\/p>","protected":false},"featured_media":3118,"template":"","meta":[],"product_brand":[],"product_cat":[22],"product_tag":[],"class_list":{"0":"post-3122","1":"product","2":"type-product","3":"status-publish","4":"has-post-thumbnail","6":"product_cat-collier-en-verre-recycle","8":"entry","9":"has-media","11":"first","12":"instock","13":"shipping-taxable","14":"purchasable","15":"product-type-simple","16":"has-product-nav","17":"col","18":"span_1_of_3","19":"owp-content-center","20":"item-entry","21":"owp-thumbs-layout-vertical","22":"owp-btn-big","23":"owp-tabs-layout-horizontal"},"yoast_head":"<!-- This site is optimized with the Yoast SEO plugin v27.5 - https:\/\/yoast.com\/product\/yoast-seo-wordpress\/ -->\n<title>Pendentif en cuir et verre recycl\u00e9 : un bijou unique et \u00e9thique<\/title>\n<meta name=\"description\" content=\"Offrez-vous un pendentif en cuir noir et verre recycl\u00e9, un bijou unique et \u00e9co-responsable. Cr\u00e9ation Verre d&#039;Art - Commandez d\u00e8s maintenant !\" \/>\n<meta name=\"robots\" content=\"index, follow, max-snippet:-1, max-image-preview:large, max-video-preview:-1\" \/>\n<link rel=\"canonical\" href=\"https:\/\/www.verredart.fr\/en\/verre-dart-bijoux-en-verre-recycle\/collier-en-verre-recycle\/pendentif-cuir-noi-et-verre-recycle-non-recyclable\/\" \/>\n<meta property=\"og:locale\" content=\"en_US\" \/>\n<meta property=\"og:type\" content=\"article\" \/>\n<meta property=\"og:title\" content=\"Pendentif en cuir et verre recycl\u00e9 : un bijou unique et \u00e9thique\" \/>\n<meta property=\"og:description\" content=\"Offrez-vous un pendentif en cuir noir et verre recycl\u00e9, un bijou unique et \u00e9co-responsable. Cr\u00e9ation Verre d&#039;Art - Commandez d\u00e8s maintenant !\" \/>\n<meta property=\"og:url\" content=\"https:\/\/www.verredart.fr\/en\/verre-dart-bijoux-en-verre-recycle\/collier-en-verre-recycle\/pendentif-cuir-noi-et-verre-recycle-non-recyclable\/\" \/>\n<meta property=\"og:site_name\" content=\"Verre d&#039;Art\" \/>\n<meta property=\"article:publisher\" content=\"https:\/\/www.facebook.com\/Verredart\" \/>\n<meta property=\"article:modified_time\" content=\"2026-04-23T18:19:48+00:00\" \/>\n<meta property=\"og:image\" content=\"https:\/\/i0.wp.com\/www.verredart.fr\/wp-content\/uploads\/2024\/09\/20240922_112038-scaled.jpg?fit=1440%2C2560&ssl=1\" \/>\n\t<meta property=\"og:image:width\" content=\"1440\" \/>\n\t<meta property=\"og:image:height\" content=\"2560\" \/>\n\t<meta property=\"og:image:type\" content=\"image\/jpeg\" \/>\n<meta name=\"twitter:card\" content=\"summary_large_image\" \/>\n<meta name=\"twitter:site\" content=\"@verredart\" \/>\n<meta name=\"twitter:label1\" content=\"Est. reading time\" \/>\n\t<meta name=\"twitter:data1\" content=\"2 minutes\" \/>\n<script type=\"application\/ld+json\" class=\"yoast-schema-graph\">{\"@context\":\"https:\\\/\\\/schema.org\",\"@graph\":[{\"@type\":\"WebPage\",\"@id\":\"https:\\\/\\\/www.verredart.fr\\\/verre-dart-bijoux-en-verre-recycle\\\/collier-en-verre-recycle\\\/pendentif-cuir-noi-et-verre-recycle-non-recyclable\\\/\",\"url\":\"https:\\\/\\\/www.verredart.fr\\\/verre-dart-bijoux-en-verre-recycle\\\/collier-en-verre-recycle\\\/pendentif-cuir-noi-et-verre-recycle-non-recyclable\\\/\",\"name\":\"Pendentif en cuir et verre recycl\u00e9 : un bijou unique et \u00e9thique\",\"isPartOf\":{\"@id\":\"https:\\\/\\\/www.verredart.fr\\\/#website\"},\"primaryImageOfPage\":{\"@id\":\"https:\\\/\\\/www.verredart.fr\\\/verre-dart-bijoux-en-verre-recycle\\\/collier-en-verre-recycle\\\/pendentif-cuir-noi-et-verre-recycle-non-recyclable\\\/#primaryimage\"},\"image\":{\"@id\":\"https:\\\/\\\/www.verredart.fr\\\/verre-dart-bijoux-en-verre-recycle\\\/collier-en-verre-recycle\\\/pendentif-cuir-noi-et-verre-recycle-non-recyclable\\\/#primaryimage\"},\"thumbnailUrl\":\"https:\\\/\\\/i0.wp.com\\\/www.verredart.fr\\\/wp-content\\\/uploads\\\/2024\\\/09\\\/20240922_112038-scaled.jpg?fit=1440%2C2560&ssl=1\",\"datePublished\":\"2024-09-22T11:10:18+00:00\",\"dateModified\":\"2026-04-23T18:19:48+00:00\",\"description\":\"Offrez-vous un pendentif en cuir noir et verre recycl\u00e9, un bijou unique et \u00e9co-responsable. Cr\u00e9ation Verre d'Art - Commandez d\u00e8s maintenant !\",\"breadcrumb\":{\"@id\":\"https:\\\/\\\/www.verredart.fr\\\/verre-dart-bijoux-en-verre-recycle\\\/collier-en-verre-recycle\\\/pendentif-cuir-noi-et-verre-recycle-non-recyclable\\\/#breadcrumb\"},\"inLanguage\":\"en-US\",\"potentialAction\":[{\"@type\":\"ReadAction\",\"target\":[\"https:\\\/\\\/www.verredart.fr\\\/verre-dart-bijoux-en-verre-recycle\\\/collier-en-verre-recycle\\\/pendentif-cuir-noi-et-verre-recycle-non-recyclable\\\/\"]}]},{\"@type\":\"ImageObject\",\"inLanguage\":\"en-US\",\"@id\":\"https:\\\/\\\/www.verredart.fr\\\/verre-dart-bijoux-en-verre-recycle\\\/collier-en-verre-recycle\\\/pendentif-cuir-noi-et-verre-recycle-non-recyclable\\\/#primaryimage\",\"url\":\"https:\\\/\\\/i0.wp.com\\\/www.verredart.fr\\\/wp-content\\\/uploads\\\/2024\\\/09\\\/20240922_112038-scaled.jpg?fit=1440%2C2560&ssl=1\",\"contentUrl\":\"https:\\\/\\\/i0.wp.com\\\/www.verredart.fr\\\/wp-content\\\/uploads\\\/2024\\\/09\\\/20240922_112038-scaled.jpg?fit=1440%2C2560&ssl=1\",\"width\":1440,\"height\":2560,\"caption\":\"Pendentif cuir noir et verre recycl\u00e9 : un bijou unique et \u00e9thique\"},{\"@type\":\"BreadcrumbList\",\"@id\":\"https:\\\/\\\/www.verredart.fr\\\/verre-dart-bijoux-en-verre-recycle\\\/collier-en-verre-recycle\\\/pendentif-cuir-noi-et-verre-recycle-non-recyclable\\\/#breadcrumb\",\"itemListElement\":[{\"@type\":\"ListItem\",\"position\":1,\"name\":\"Collections\",\"item\":\"https:\\\/\\\/www.verredart.fr\\\/verre-dart-bijoux-en-verre-recycle\\\/boutique-bijoux-en-verre-culinaire-recycle\\\/\"},{\"@type\":\"ListItem\",\"position\":2,\"name\":\"Colliers\",\"item\":\"https:\\\/\\\/www.verredart.fr\\\/bijoux-en-verre-recycle\\\/collier-en-verre-recycle\\\/\"},{\"@type\":\"ListItem\",\"position\":3,\"name\":\"Collier pendentif cuir noir et verre recycl\u00e9 blanc arbre de vie\"}]},{\"@type\":\"WebSite\",\"@id\":\"https:\\\/\\\/www.verredart.fr\\\/#website\",\"url\":\"https:\\\/\\\/www.verredart.fr\\\/\",\"name\":\"Verre d'Art\",\"description\":\"Recyclage de verre non recyclable en cr\u00e9ations uniques et engag\u00e9s\",\"publisher\":{\"@id\":\"https:\\\/\\\/www.verredart.fr\\\/#organization\"},\"potentialAction\":[{\"@type\":\"SearchAction\",\"target\":{\"@type\":\"EntryPoint\",\"urlTemplate\":\"https:\\\/\\\/www.verredart.fr\\\/?s={search_term_string}\"},\"query-input\":{\"@type\":\"PropertyValueSpecification\",\"valueRequired\":true,\"valueName\":\"search_term_string\"}}],\"inLanguage\":\"en-US\"},{\"@type\":\"Organization\",\"@id\":\"https:\\\/\\\/www.verredart.fr\\\/#organization\",\"name\":\"Verre d'Art\",\"url\":\"https:\\\/\\\/www.verredart.fr\\\/\",\"logo\":{\"@type\":\"ImageObject\",\"inLanguage\":\"en-US\",\"@id\":\"https:\\\/\\\/www.verredart.fr\\\/#\\\/schema\\\/logo\\\/image\\\/\",\"url\":\"\",\"contentUrl\":\"\",\"caption\":\"Verre d'Art\"},\"image\":{\"@id\":\"https:\\\/\\\/www.verredart.fr\\\/#\\\/schema\\\/logo\\\/image\\\/\"},\"sameAs\":[\"https:\\\/\\\/www.facebook.com\\\/Verredart\",\"https:\\\/\\\/x.com\\\/verredart\",\"https:\\\/\\\/www.instagram.com\\\/Verre_dart\",\"https:\\\/\\\/www.pinterest.fr\\\/verredart\\\/\"]}]}<\/script>\n<!-- \/ Yoast SEO plugin. -->","yoast_head_json":{"title":"Pendentif en cuir et verre recycl\u00e9 : un bijou unique et \u00e9thique","description":"Offrez-vous un pendentif en cuir noir et verre recycl\u00e9, un bijou unique et \u00e9co-responsable. Cr\u00e9ation Verre d'Art - Commandez d\u00e8s maintenant !","robots":{"index":"index","follow":"follow","max-snippet":"max-snippet:-1","max-image-preview":"max-image-preview:large","max-video-preview":"max-video-preview:-1"},"canonical":"https:\/\/www.verredart.fr\/en\/verre-dart-bijoux-en-verre-recycle\/collier-en-verre-recycle\/pendentif-cuir-noi-et-verre-recycle-non-recyclable\/","og_locale":"en_US","og_type":"article","og_title":"Pendentif en cuir et verre recycl\u00e9 : un bijou unique et \u00e9thique","og_description":"Offrez-vous un pendentif en cuir noir et verre recycl\u00e9, un bijou unique et \u00e9co-responsable. Cr\u00e9ation Verre d'Art - Commandez d\u00e8s maintenant !","og_url":"https:\/\/www.verredart.fr\/en\/verre-dart-bijoux-en-verre-recycle\/collier-en-verre-recycle\/pendentif-cuir-noi-et-verre-recycle-non-recyclable\/","og_site_name":"Verre d&#039;Art","article_publisher":"https:\/\/www.facebook.com\/Verredart","article_modified_time":"2026-04-23T18:19:48+00:00","og_image":[{"width":1440,"height":2560,"url":"https:\/\/i0.wp.com\/www.verredart.fr\/wp-content\/uploads\/2024\/09\/20240922_112038-scaled.jpg?fit=1440%2C2560&ssl=1","type":"image\/jpeg"}],"twitter_card":"summary_large_image","twitter_site":"@verredart","twitter_misc":{"Est. reading time":"2 minutes"},"schema":{"@context":"https:\/\/schema.org","@graph":[{"@type":"WebPage","@id":"https:\/\/www.verredart.fr\/verre-dart-bijoux-en-verre-recycle\/collier-en-verre-recycle\/pendentif-cuir-noi-et-verre-recycle-non-recyclable\/","url":"https:\/\/www.verredart.fr\/verre-dart-bijoux-en-verre-recycle\/collier-en-verre-recycle\/pendentif-cuir-noi-et-verre-recycle-non-recyclable\/","name":"Pendentif en cuir et verre recycl\u00e9 : un bijou unique et \u00e9thique","isPartOf":{"@id":"https:\/\/www.verredart.fr\/#website"},"primaryImageOfPage":{"@id":"https:\/\/www.verredart.fr\/verre-dart-bijoux-en-verre-recycle\/collier-en-verre-recycle\/pendentif-cuir-noi-et-verre-recycle-non-recyclable\/#primaryimage"},"image":{"@id":"https:\/\/www.verredart.fr\/verre-dart-bijoux-en-verre-recycle\/collier-en-verre-recycle\/pendentif-cuir-noi-et-verre-recycle-non-recyclable\/#primaryimage"},"thumbnailUrl":"https:\/\/i0.wp.com\/www.verredart.fr\/wp-content\/uploads\/2024\/09\/20240922_112038-scaled.jpg?fit=1440%2C2560&ssl=1","datePublished":"2024-09-22T11:10:18+00:00","dateModified":"2026-04-23T18:19:48+00:00","description":"Offrez-vous un pendentif en cuir noir et verre recycl\u00e9, un bijou unique et \u00e9co-responsable. Cr\u00e9ation Verre d'Art - Commandez d\u00e8s maintenant !","breadcrumb":{"@id":"https:\/\/www.verredart.fr\/verre-dart-bijoux-en-verre-recycle\/collier-en-verre-recycle\/pendentif-cuir-noi-et-verre-recycle-non-recyclable\/#breadcrumb"},"inLanguage":"en-US","potentialAction":[{"@type":"ReadAction","target":["https:\/\/www.verredart.fr\/verre-dart-bijoux-en-verre-recycle\/collier-en-verre-recycle\/pendentif-cuir-noi-et-verre-recycle-non-recyclable\/"]}]},{"@type":"ImageObject","inLanguage":"en-US","@id":"https:\/\/www.verredart.fr\/verre-dart-bijoux-en-verre-recycle\/collier-en-verre-recycle\/pendentif-cuir-noi-et-verre-recycle-non-recyclable\/#primaryimage","url":"https:\/\/i0.wp.com\/www.verredart.fr\/wp-content\/uploads\/2024\/09\/20240922_112038-scaled.jpg?fit=1440%2C2560&ssl=1","contentUrl":"https:\/\/i0.wp.com\/www.verredart.fr\/wp-content\/uploads\/2024\/09\/20240922_112038-scaled.jpg?fit=1440%2C2560&ssl=1","width":1440,"height":2560,"caption":"Pendentif cuir noir et verre recycl\u00e9 : un bijou unique et \u00e9thique"},{"@type":"BreadcrumbList","@id":"https:\/\/www.verredart.fr\/verre-dart-bijoux-en-verre-recycle\/collier-en-verre-recycle\/pendentif-cuir-noi-et-verre-recycle-non-recyclable\/#breadcrumb","itemListElement":[{"@type":"ListItem","position":1,"name":"Collections","item":"https:\/\/www.verredart.fr\/verre-dart-bijoux-en-verre-recycle\/boutique-bijoux-en-verre-culinaire-recycle\/"},{"@type":"ListItem","position":2,"name":"Colliers","item":"https:\/\/www.verredart.fr\/bijoux-en-verre-recycle\/collier-en-verre-recycle\/"},{"@type":"ListItem","position":3,"name":"Collier pendentif cuir noir et verre recycl\u00e9 blanc arbre de vie"}]},{"@type":"WebSite","@id":"https:\/\/www.verredart.fr\/#website","url":"https:\/\/www.verredart.fr\/","name":"Verre d'Art","description":"Recyclage de verre non recyclable en cr\u00e9ations uniques et engag\u00e9s","publisher":{"@id":"https:\/\/www.verredart.fr\/#organization"},"potentialAction":[{"@type":"SearchAction","target":{"@type":"EntryPoint","urlTemplate":"https:\/\/www.verredart.fr\/?s={search_term_string}"},"query-input":{"@type":"PropertyValueSpecification","valueRequired":true,"valueName":"search_term_string"}}],"inLanguage":"en-US"},{"@type":"Organization","@id":"https:\/\/www.verredart.fr\/#organization","name":"Verre d'Art","url":"https:\/\/www.verredart.fr\/","logo":{"@type":"ImageObject","inLanguage":"en-US","@id":"https:\/\/www.verredart.fr\/#\/schema\/logo\/image\/","url":"","contentUrl":"","caption":"Verre d'Art"},"image":{"@id":"https:\/\/www.verredart.fr\/#\/schema\/logo\/image\/"},"sameAs":["https:\/\/www.facebook.com\/Verredart","https:\/\/x.com\/verredart","https:\/\/www.instagram.com\/Verre_dart","https:\/\/www.pinterest.fr\/verredart\/"]}]}},"jetpack_sharing_enabled":true,"_links":{"self":[{"href":"https:\/\/www.verredart.fr\/en\/wp-json\/wp\/v2\/product\/3122","targetHints":{"allow":["GET"]}}],"collection":[{"href":"https:\/\/www.verredart.fr\/en\/wp-json\/wp\/v2\/product"}],"about":[{"href":"https:\/\/www.verredart.fr\/en\/wp-json\/wp\/v2\/types\/product"}],"wp:featuredmedia":[{"embeddable":true,"href":"https:\/\/www.verredart.fr\/en\/wp-json\/wp\/v2\/media\/3118"}],"wp:attachment":[{"href":"https:\/\/www.verredart.fr\/en\/wp-json\/wp\/v2\/media?parent=3122"}],"wp:term":[{"taxonomy":"product_brand","embeddable":true,"href":"https:\/\/www.verredart.fr\/en\/wp-json\/wp\/v2\/product_brand?post=3122"},{"taxonomy":"product_cat","embeddable":true,"href":"https:\/\/www.verredart.fr\/en\/wp-json\/wp\/v2\/product_cat?post=3122"},{"taxonomy":"product_tag","embeddable":true,"href":"https:\/\/www.verredart.fr\/en\/wp-json\/wp\/v2\/product_tag?post=3122"}],"curies":[{"name":"wp","href":"https:\/\/api.w.org\/{rel}","templated":true}]}}