{"id":333,"date":"2024-03-30T14:22:00","date_gmt":"2024-03-30T14:22:00","guid":{"rendered":"https:\/\/www.verredart.fr\/produit\/produit-137\/"},"modified":"2025-09-13T12:27:27","modified_gmt":"2025-09-13T12:27:27","slug":"pics-a-aperitifs-en-verre-zero-dechet","status":"publish","type":"product","link":"https:\/\/www.verredart.fr\/en\/verre-dart-bijoux-en-verre-recycle\/art-de-la-table-verre-recycle-non-recyclable\/pics-a-aperitifs\/pics-a-aperitifs-en-verre-zero-dechet\/","title":{"rendered":"Appetizer picks"},"content":{"rendered":"<p>Pour d\u00e9guster les escargots ou les bigorneaux, ces piques harpons faciliteront la fa\u00e7on de les appr\u00e9cier. Originaux et esth\u00e9tiques les piques mettront en valeur la pr\u00e9sentation de vos mets. Le pique est en acier inoxydable muni d\u2019une perle en verre \u00e0 la d\u00e9coration unique. Chaque pi\u00e8ce est r\u00e9alis\u00e9e dans mon atelier selon la technique du verre fil\u00e9.<br \/>\nLes piques sont vendus par lot de 6 unit\u00e9s.<\/p>","protected":false},"excerpt":{"rendered":"<p>Mes pics \u00e0 ap\u00e9ritifs en verre ajoutent une touche d&rsquo;\u00e9l\u00e9gance \u00e0 vos r\u00e9ceptions. Con\u00e7us avec soin, ces accessoires rehaussent vos d\u00e9gustations avec style et fonctionnalit\u00e9.<br \/>\nL&rsquo;alliance entre l&rsquo;inox et le verre pour un ap\u00e9ritifs \u00e9co-responsable et z\u00e9ro d\u00e9chet.<\/p>","protected":false},"featured_media":332,"template":"","meta":[],"product_brand":[],"product_cat":[26],"product_tag":[],"class_list":{"0":"post-333","1":"product","2":"type-product","3":"status-publish","4":"has-post-thumbnail","6":"product_cat-pics-a-aperitifs","8":"entry","9":"has-media","11":"first","12":"outofstock","13":"shipping-taxable","14":"purchasable","15":"product-type-simple","16":"has-product-nav","17":"col","18":"span_1_of_3","19":"owp-content-center","20":"item-entry","21":"owp-thumbs-layout-vertical","22":"owp-btn-big","23":"owp-tabs-layout-horizontal"},"yoast_head":"<!-- This site is optimized with the Yoast SEO plugin v27.5 - https:\/\/yoast.com\/product\/yoast-seo-wordpress\/ -->\n<title>Pics \u00e0 ap\u00e9ritifs - Verre d&#039;Art<\/title>\n<meta name=\"description\" content=\"D\u00e9couvrez mes pics \u00e0 ap\u00e9ritifs en verre, parfaits pour vos moments de convivialit\u00e9. \u00c9l\u00e9gance et fonctionnalit\u00e9 r\u00e9unies pour sublimer vos ap\u00e9r\" \/>\n<meta name=\"robots\" content=\"index, follow, max-snippet:-1, max-image-preview:large, max-video-preview:-1\" \/>\n<link rel=\"canonical\" href=\"https:\/\/www.verredart.fr\/en\/verre-dart-bijoux-en-verre-recycle\/art-de-la-table-verre-recycle-non-recyclable\/pics-a-aperitifs\/pics-a-aperitifs-en-verre-zero-dechet\/\" \/>\n<meta property=\"og:locale\" content=\"en_US\" \/>\n<meta property=\"og:type\" content=\"article\" \/>\n<meta property=\"og:title\" content=\"Pics \u00e0 ap\u00e9ritifs - Verre d&#039;Art\" \/>\n<meta property=\"og:description\" content=\"D\u00e9couvrez mes pics \u00e0 ap\u00e9ritifs en verre, parfaits pour vos moments de convivialit\u00e9. \u00c9l\u00e9gance et fonctionnalit\u00e9 r\u00e9unies pour sublimer vos ap\u00e9r\" \/>\n<meta property=\"og:url\" content=\"https:\/\/www.verredart.fr\/en\/verre-dart-bijoux-en-verre-recycle\/art-de-la-table-verre-recycle-non-recyclable\/pics-a-aperitifs\/pics-a-aperitifs-en-verre-zero-dechet\/\" \/>\n<meta property=\"og:site_name\" content=\"Verre d&#039;Art\" \/>\n<meta property=\"article:publisher\" content=\"https:\/\/www.facebook.com\/Verredart\" \/>\n<meta property=\"article:modified_time\" content=\"2025-09-13T12:27:27+00:00\" \/>\n<meta property=\"og:image\" content=\"https:\/\/www.verredart.fr\/wp-content\/uploads\/2024\/03\/9c0737fb-976e-4197-8520-46f08ab33e5b.jpeg\" \/>\n\t<meta property=\"og:image:width\" content=\"890\" \/>\n\t<meta property=\"og:image:height\" content=\"1582\" \/>\n\t<meta property=\"og:image:type\" content=\"image\/jpeg\" \/>\n<meta name=\"twitter:card\" content=\"summary_large_image\" \/>\n<meta name=\"twitter:site\" content=\"@verredart\" \/>\n<meta name=\"twitter:label1\" content=\"Est. reading time\" \/>\n\t<meta name=\"twitter:data1\" content=\"1 minute\" \/>\n<script type=\"application\/ld+json\" class=\"yoast-schema-graph\">{\"@context\":\"https:\\\/\\\/schema.org\",\"@graph\":[{\"@type\":\"WebPage\",\"@id\":\"https:\\\/\\\/www.verredart.fr\\\/verre-dart-bijoux-en-verre-recycle\\\/art-de-la-table-verre-recycle-non-recyclable\\\/pics-a-aperitifs\\\/pics-a-aperitifs-en-verre-zero-dechet\\\/\",\"url\":\"https:\\\/\\\/www.verredart.fr\\\/verre-dart-bijoux-en-verre-recycle\\\/art-de-la-table-verre-recycle-non-recyclable\\\/pics-a-aperitifs\\\/pics-a-aperitifs-en-verre-zero-dechet\\\/\",\"name\":\"Pics \u00e0 ap\u00e9ritifs - Verre d&#039;Art\",\"isPartOf\":{\"@id\":\"https:\\\/\\\/www.verredart.fr\\\/#website\"},\"primaryImageOfPage\":{\"@id\":\"https:\\\/\\\/www.verredart.fr\\\/verre-dart-bijoux-en-verre-recycle\\\/art-de-la-table-verre-recycle-non-recyclable\\\/pics-a-aperitifs\\\/pics-a-aperitifs-en-verre-zero-dechet\\\/#primaryimage\"},\"image\":{\"@id\":\"https:\\\/\\\/www.verredart.fr\\\/verre-dart-bijoux-en-verre-recycle\\\/art-de-la-table-verre-recycle-non-recyclable\\\/pics-a-aperitifs\\\/pics-a-aperitifs-en-verre-zero-dechet\\\/#primaryimage\"},\"thumbnailUrl\":\"https:\\\/\\\/i0.wp.com\\\/www.verredart.fr\\\/wp-content\\\/uploads\\\/2024\\\/03\\\/9c0737fb-976e-4197-8520-46f08ab33e5b.jpeg?fit=890%2C1582&ssl=1\",\"datePublished\":\"2024-03-30T14:22:00+00:00\",\"dateModified\":\"2025-09-13T12:27:27+00:00\",\"description\":\"D\u00e9couvrez mes pics \u00e0 ap\u00e9ritifs en verre, parfaits pour vos moments de convivialit\u00e9. \u00c9l\u00e9gance et fonctionnalit\u00e9 r\u00e9unies pour sublimer vos ap\u00e9ritifs.\",\"breadcrumb\":{\"@id\":\"https:\\\/\\\/www.verredart.fr\\\/verre-dart-bijoux-en-verre-recycle\\\/art-de-la-table-verre-recycle-non-recyclable\\\/pics-a-aperitifs\\\/pics-a-aperitifs-en-verre-zero-dechet\\\/#breadcrumb\"},\"inLanguage\":\"en-US\",\"potentialAction\":[{\"@type\":\"ReadAction\",\"target\":[\"https:\\\/\\\/www.verredart.fr\\\/verre-dart-bijoux-en-verre-recycle\\\/art-de-la-table-verre-recycle-non-recyclable\\\/pics-a-aperitifs\\\/pics-a-aperitifs-en-verre-zero-dechet\\\/\"]}]},{\"@type\":\"ImageObject\",\"inLanguage\":\"en-US\",\"@id\":\"https:\\\/\\\/www.verredart.fr\\\/verre-dart-bijoux-en-verre-recycle\\\/art-de-la-table-verre-recycle-non-recyclable\\\/pics-a-aperitifs\\\/pics-a-aperitifs-en-verre-zero-dechet\\\/#primaryimage\",\"url\":\"https:\\\/\\\/i0.wp.com\\\/www.verredart.fr\\\/wp-content\\\/uploads\\\/2024\\\/03\\\/9c0737fb-976e-4197-8520-46f08ab33e5b.jpeg?fit=890%2C1582&ssl=1\",\"contentUrl\":\"https:\\\/\\\/i0.wp.com\\\/www.verredart.fr\\\/wp-content\\\/uploads\\\/2024\\\/03\\\/9c0737fb-976e-4197-8520-46f08ab33e5b.jpeg?fit=890%2C1582&ssl=1\",\"width\":890,\"height\":1582,\"caption\":\"Pics \u00e0 ap\u00e9ritifs en verre\"},{\"@type\":\"BreadcrumbList\",\"@id\":\"https:\\\/\\\/www.verredart.fr\\\/verre-dart-bijoux-en-verre-recycle\\\/art-de-la-table-verre-recycle-non-recyclable\\\/pics-a-aperitifs\\\/pics-a-aperitifs-en-verre-zero-dechet\\\/#breadcrumb\",\"itemListElement\":[{\"@type\":\"ListItem\",\"position\":1,\"name\":\"Collections\",\"item\":\"https:\\\/\\\/www.verredart.fr\\\/verre-dart-bijoux-en-verre-recycle\\\/boutique-bijoux-en-verre-culinaire-recycle\\\/\"},{\"@type\":\"ListItem\",\"position\":2,\"name\":\"Art de la table\",\"item\":\"https:\\\/\\\/www.verredart.fr\\\/bijoux-en-verre-recycle\\\/art-de-la-table-verre-recycle-non-recyclable\\\/\"},{\"@type\":\"ListItem\",\"position\":3,\"name\":\"Pics \u00e0 ap\u00e9ritifs\",\"item\":\"https:\\\/\\\/www.verredart.fr\\\/bijoux-en-verre-recycle\\\/art-de-la-table-verre-recycle-non-recyclable\\\/pics-a-aperitifs\\\/\"},{\"@type\":\"ListItem\",\"position\":4,\"name\":\"Pics \u00e0 ap\u00e9ritifs\"}]},{\"@type\":\"WebSite\",\"@id\":\"https:\\\/\\\/www.verredart.fr\\\/#website\",\"url\":\"https:\\\/\\\/www.verredart.fr\\\/\",\"name\":\"Verre d'Art\",\"description\":\"Recyclage de verre non recyclable en cr\u00e9ations uniques et engag\u00e9s\",\"publisher\":{\"@id\":\"https:\\\/\\\/www.verredart.fr\\\/#organization\"},\"potentialAction\":[{\"@type\":\"SearchAction\",\"target\":{\"@type\":\"EntryPoint\",\"urlTemplate\":\"https:\\\/\\\/www.verredart.fr\\\/?s={search_term_string}\"},\"query-input\":{\"@type\":\"PropertyValueSpecification\",\"valueRequired\":true,\"valueName\":\"search_term_string\"}}],\"inLanguage\":\"en-US\"},{\"@type\":\"Organization\",\"@id\":\"https:\\\/\\\/www.verredart.fr\\\/#organization\",\"name\":\"Verre d'Art\",\"url\":\"https:\\\/\\\/www.verredart.fr\\\/\",\"logo\":{\"@type\":\"ImageObject\",\"inLanguage\":\"en-US\",\"@id\":\"https:\\\/\\\/www.verredart.fr\\\/#\\\/schema\\\/logo\\\/image\\\/\",\"url\":\"\",\"contentUrl\":\"\",\"caption\":\"Verre d'Art\"},\"image\":{\"@id\":\"https:\\\/\\\/www.verredart.fr\\\/#\\\/schema\\\/logo\\\/image\\\/\"},\"sameAs\":[\"https:\\\/\\\/www.facebook.com\\\/Verredart\",\"https:\\\/\\\/x.com\\\/verredart\",\"https:\\\/\\\/www.instagram.com\\\/Verre_dart\",\"https:\\\/\\\/www.pinterest.fr\\\/verredart\\\/\"]}]}<\/script>\n<!-- \/ Yoast SEO plugin. -->","yoast_head_json":{"title":"Pics \u00e0 ap\u00e9ritifs - Verre d&#039;Art","description":"D\u00e9couvrez mes pics \u00e0 ap\u00e9ritifs en verre, parfaits pour vos moments de convivialit\u00e9. \u00c9l\u00e9gance et fonctionnalit\u00e9 r\u00e9unies pour sublimer vos ap\u00e9r","robots":{"index":"index","follow":"follow","max-snippet":"max-snippet:-1","max-image-preview":"max-image-preview:large","max-video-preview":"max-video-preview:-1"},"canonical":"https:\/\/www.verredart.fr\/en\/verre-dart-bijoux-en-verre-recycle\/art-de-la-table-verre-recycle-non-recyclable\/pics-a-aperitifs\/pics-a-aperitifs-en-verre-zero-dechet\/","og_locale":"en_US","og_type":"article","og_title":"Pics \u00e0 ap\u00e9ritifs - Verre d&#039;Art","og_description":"D\u00e9couvrez mes pics \u00e0 ap\u00e9ritifs en verre, parfaits pour vos moments de convivialit\u00e9. \u00c9l\u00e9gance et fonctionnalit\u00e9 r\u00e9unies pour sublimer vos ap\u00e9r","og_url":"https:\/\/www.verredart.fr\/en\/verre-dart-bijoux-en-verre-recycle\/art-de-la-table-verre-recycle-non-recyclable\/pics-a-aperitifs\/pics-a-aperitifs-en-verre-zero-dechet\/","og_site_name":"Verre d&#039;Art","article_publisher":"https:\/\/www.facebook.com\/Verredart","article_modified_time":"2025-09-13T12:27:27+00:00","og_image":[{"width":890,"height":1582,"url":"https:\/\/www.verredart.fr\/wp-content\/uploads\/2024\/03\/9c0737fb-976e-4197-8520-46f08ab33e5b.jpeg","type":"image\/jpeg"}],"twitter_card":"summary_large_image","twitter_site":"@verredart","twitter_misc":{"Est. reading time":"1 minute"},"schema":{"@context":"https:\/\/schema.org","@graph":[{"@type":"WebPage","@id":"https:\/\/www.verredart.fr\/verre-dart-bijoux-en-verre-recycle\/art-de-la-table-verre-recycle-non-recyclable\/pics-a-aperitifs\/pics-a-aperitifs-en-verre-zero-dechet\/","url":"https:\/\/www.verredart.fr\/verre-dart-bijoux-en-verre-recycle\/art-de-la-table-verre-recycle-non-recyclable\/pics-a-aperitifs\/pics-a-aperitifs-en-verre-zero-dechet\/","name":"Pics \u00e0 ap\u00e9ritifs - Verre d&#039;Art","isPartOf":{"@id":"https:\/\/www.verredart.fr\/#website"},"primaryImageOfPage":{"@id":"https:\/\/www.verredart.fr\/verre-dart-bijoux-en-verre-recycle\/art-de-la-table-verre-recycle-non-recyclable\/pics-a-aperitifs\/pics-a-aperitifs-en-verre-zero-dechet\/#primaryimage"},"image":{"@id":"https:\/\/www.verredart.fr\/verre-dart-bijoux-en-verre-recycle\/art-de-la-table-verre-recycle-non-recyclable\/pics-a-aperitifs\/pics-a-aperitifs-en-verre-zero-dechet\/#primaryimage"},"thumbnailUrl":"https:\/\/i0.wp.com\/www.verredart.fr\/wp-content\/uploads\/2024\/03\/9c0737fb-976e-4197-8520-46f08ab33e5b.jpeg?fit=890%2C1582&ssl=1","datePublished":"2024-03-30T14:22:00+00:00","dateModified":"2025-09-13T12:27:27+00:00","description":"D\u00e9couvrez mes pics \u00e0 ap\u00e9ritifs en verre, parfaits pour vos moments de convivialit\u00e9. \u00c9l\u00e9gance et fonctionnalit\u00e9 r\u00e9unies pour sublimer vos ap\u00e9ritifs.","breadcrumb":{"@id":"https:\/\/www.verredart.fr\/verre-dart-bijoux-en-verre-recycle\/art-de-la-table-verre-recycle-non-recyclable\/pics-a-aperitifs\/pics-a-aperitifs-en-verre-zero-dechet\/#breadcrumb"},"inLanguage":"en-US","potentialAction":[{"@type":"ReadAction","target":["https:\/\/www.verredart.fr\/verre-dart-bijoux-en-verre-recycle\/art-de-la-table-verre-recycle-non-recyclable\/pics-a-aperitifs\/pics-a-aperitifs-en-verre-zero-dechet\/"]}]},{"@type":"ImageObject","inLanguage":"en-US","@id":"https:\/\/www.verredart.fr\/verre-dart-bijoux-en-verre-recycle\/art-de-la-table-verre-recycle-non-recyclable\/pics-a-aperitifs\/pics-a-aperitifs-en-verre-zero-dechet\/#primaryimage","url":"https:\/\/i0.wp.com\/www.verredart.fr\/wp-content\/uploads\/2024\/03\/9c0737fb-976e-4197-8520-46f08ab33e5b.jpeg?fit=890%2C1582&ssl=1","contentUrl":"https:\/\/i0.wp.com\/www.verredart.fr\/wp-content\/uploads\/2024\/03\/9c0737fb-976e-4197-8520-46f08ab33e5b.jpeg?fit=890%2C1582&ssl=1","width":890,"height":1582,"caption":"Pics \u00e0 ap\u00e9ritifs en verre"},{"@type":"BreadcrumbList","@id":"https:\/\/www.verredart.fr\/verre-dart-bijoux-en-verre-recycle\/art-de-la-table-verre-recycle-non-recyclable\/pics-a-aperitifs\/pics-a-aperitifs-en-verre-zero-dechet\/#breadcrumb","itemListElement":[{"@type":"ListItem","position":1,"name":"Collections","item":"https:\/\/www.verredart.fr\/verre-dart-bijoux-en-verre-recycle\/boutique-bijoux-en-verre-culinaire-recycle\/"},{"@type":"ListItem","position":2,"name":"Art de la table","item":"https:\/\/www.verredart.fr\/bijoux-en-verre-recycle\/art-de-la-table-verre-recycle-non-recyclable\/"},{"@type":"ListItem","position":3,"name":"Pics \u00e0 ap\u00e9ritifs","item":"https:\/\/www.verredart.fr\/bijoux-en-verre-recycle\/art-de-la-table-verre-recycle-non-recyclable\/pics-a-aperitifs\/"},{"@type":"ListItem","position":4,"name":"Pics \u00e0 ap\u00e9ritifs"}]},{"@type":"WebSite","@id":"https:\/\/www.verredart.fr\/#website","url":"https:\/\/www.verredart.fr\/","name":"Verre d'Art","description":"Recyclage de verre non recyclable en cr\u00e9ations uniques et engag\u00e9s","publisher":{"@id":"https:\/\/www.verredart.fr\/#organization"},"potentialAction":[{"@type":"SearchAction","target":{"@type":"EntryPoint","urlTemplate":"https:\/\/www.verredart.fr\/?s={search_term_string}"},"query-input":{"@type":"PropertyValueSpecification","valueRequired":true,"valueName":"search_term_string"}}],"inLanguage":"en-US"},{"@type":"Organization","@id":"https:\/\/www.verredart.fr\/#organization","name":"Verre d'Art","url":"https:\/\/www.verredart.fr\/","logo":{"@type":"ImageObject","inLanguage":"en-US","@id":"https:\/\/www.verredart.fr\/#\/schema\/logo\/image\/","url":"","contentUrl":"","caption":"Verre d'Art"},"image":{"@id":"https:\/\/www.verredart.fr\/#\/schema\/logo\/image\/"},"sameAs":["https:\/\/www.facebook.com\/Verredart","https:\/\/x.com\/verredart","https:\/\/www.instagram.com\/Verre_dart","https:\/\/www.pinterest.fr\/verredart\/"]}]}},"jetpack_sharing_enabled":true,"_links":{"self":[{"href":"https:\/\/www.verredart.fr\/en\/wp-json\/wp\/v2\/product\/333","targetHints":{"allow":["GET"]}}],"collection":[{"href":"https:\/\/www.verredart.fr\/en\/wp-json\/wp\/v2\/product"}],"about":[{"href":"https:\/\/www.verredart.fr\/en\/wp-json\/wp\/v2\/types\/product"}],"wp:featuredmedia":[{"embeddable":true,"href":"https:\/\/www.verredart.fr\/en\/wp-json\/wp\/v2\/media\/332"}],"wp:attachment":[{"href":"https:\/\/www.verredart.fr\/en\/wp-json\/wp\/v2\/media?parent=333"}],"wp:term":[{"taxonomy":"product_brand","embeddable":true,"href":"https:\/\/www.verredart.fr\/en\/wp-json\/wp\/v2\/product_brand?post=333"},{"taxonomy":"product_cat","embeddable":true,"href":"https:\/\/www.verredart.fr\/en\/wp-json\/wp\/v2\/product_cat?post=333"},{"taxonomy":"product_tag","embeddable":true,"href":"https:\/\/www.verredart.fr\/en\/wp-json\/wp\/v2\/product_tag?post=333"}],"curies":[{"name":"wp","href":"https:\/\/api.w.org\/{rel}","templated":true}]}}