{"id":3750,"date":"2024-12-21T21:17:55","date_gmt":"2024-12-21T21:17:55","guid":{"rendered":"https:\/\/www.verredart.fr\/?post_type=product&#038;p=3750"},"modified":"2025-09-23T19:55:10","modified_gmt":"2025-09-23T19:55:10","slug":"atelier-initiation-au-verre-file-au-chalumeau","status":"publish","type":"product","link":"https:\/\/www.verredart.fr\/en\/verre-dart-bijoux-en-verre-recycle\/ateliers-de-verre-file-chalumeau-loire-42-andreia-matos\/atelier-initiation-au-verre-file-au-chalumeau\/","title":{"rendered":"Introductory Workshop \u2013 Bead Making \u2013 2 hours"},"content":{"rendered":"<h3>Atelier Initiation &#8211; Cr\u00e9ation de perles (1 couleur)<\/h3>\n<p>Plongez dans le monde fascinant du <a href=\"https:\/\/www.verredart.fr\/en\/verre-file-chalumeau-recycle-non-recyclable\/\"><strong>verre fil\u00e9 au chalumeau<\/strong><\/a> avec cet <strong>atelier d\u2019initiation<\/strong> con\u00e7u sp\u00e9cialement pour les d\u00e9butants. Pendant 2h, vous apprendrez \u00e0 manipuler le verre en toute s\u00e9curit\u00e9 et \u00e0 cr\u00e9er vos premi\u00e8res perles monochromes. Cet atelier est une \u00e9tape incontournable pour d\u00e9couvrir les bases techniques et artistiques de cette discipline captivante.<\/p>\n<p>Atelier \u00e0 Le Crozet(42) sur r\u00e9servation <\/p>\n<h4>Au programme :<\/h4>\n<p>1. Introduction au mat\u00e9riel et aux consignes de s\u00e9curit\u00e9.<\/p>\n<p>2. D\u00e9monstration des techniques de base pour chauffer et fa\u00e7onner le verre.<\/p>\n<p>3. Cr\u00e9ation de vos premi\u00e8res perles en verre, en jouant avec les formes et les finitions.<\/p>\n<p>4. Explications sur le refroidissement et la finition des pi\u00e8ces.<\/p>\n<h4><strong>Pourquoi choisir cet atelier ?<\/strong><\/h4>\n<p>\u2022 Accessible d\u00e8s 11 ans, aucun pr\u00e9requis n\u2019est n\u00e9cessaire.<\/p>\n<p>\u2022 Tout le mat\u00e9riel est fourni, vous n\u2019avez rien \u00e0 apporter.<\/p>\n<p>\u2022 Un moment convivial et cr\u00e9atif pour d\u00e9couvrir un artisanat unique.<\/p>\n<p>\u2022 Possibilit\u00e9 de prolonger l\u2019exp\u00e9rience avec un atelier avanc\u00e9 apr\u00e8s cette initiation.<\/p>","protected":false},"excerpt":{"rendered":"<p>Plongez dans le monde fascinant du verre fil\u00e9 au chalumeau avec cet atelier d\u2019initiation con\u00e7u sp\u00e9cialement pour les d\u00e9butants. Pendant 2h, vous apprendrez \u00e0 manipuler le verre en toute s\u00e9curit\u00e9 et \u00e0 cr\u00e9er vos premi\u00e8res perles monochromes. Cet atelier est une \u00e9tape incontournable pour d\u00e9couvrir les bases techniques et artistiques de cette discipline captivante.<\/p>\n<p>Atelier \u00e0 Le Crozet (42) date \u00e0 fixer ensemble par mail ou par t\u00e9l\u00e9phone<\/p>","protected":false},"featured_media":3763,"template":"","meta":[],"product_brand":[],"product_cat":[181],"product_tag":[],"class_list":{"0":"post-3750","1":"product","2":"type-product","3":"status-publish","4":"has-post-thumbnail","6":"product_cat-ateliers-de-verre-file-chalumeau-loire-42-andreia-matos","8":"entry","9":"has-media","11":"first","12":"instock","13":"virtual","14":"purchasable","15":"product-type-simple","16":"has-product-nav","17":"col","18":"span_1_of_3","19":"owp-content-center","20":"item-entry","21":"owp-thumbs-layout-vertical","22":"owp-btn-big","23":"owp-tabs-layout-horizontal","24":"has-no-thumbnails"},"yoast_head":"<!-- This site is optimized with the Yoast SEO plugin v27.4 - https:\/\/yoast.com\/product\/yoast-seo-wordpress\/ -->\n<title>Atelier Initiation au verre fil\u00e9 au chalumeau - Cr\u00e9ation de perles<\/title>\n<meta name=\"description\" content=\"Apprenez les bases du verre fil\u00e9 au chalumeau avec l\u2019atelier initiation. D\u00e9couvrez la cr\u00e9ation de perles monochromes. R\u00e9servez votre place d\u00e8s\" \/>\n<meta name=\"robots\" content=\"index, follow, max-snippet:-1, max-image-preview:large, max-video-preview:-1\" \/>\n<link rel=\"canonical\" href=\"https:\/\/www.verredart.fr\/en\/verre-dart-bijoux-en-verre-recycle\/ateliers-de-verre-file-chalumeau-loire-42-andreia-matos\/atelier-initiation-au-verre-file-au-chalumeau\/\" \/>\n<meta property=\"og:locale\" content=\"en_US\" \/>\n<meta property=\"og:type\" content=\"article\" \/>\n<meta property=\"og:title\" content=\"Atelier Initiation au verre fil\u00e9 au chalumeau - Cr\u00e9ation de perles\" \/>\n<meta property=\"og:description\" content=\"Apprenez les bases du verre fil\u00e9 au chalumeau avec l\u2019atelier initiation. D\u00e9couvrez la cr\u00e9ation de perles monochromes. R\u00e9servez votre place d\u00e8s\" \/>\n<meta property=\"og:url\" content=\"https:\/\/www.verredart.fr\/en\/verre-dart-bijoux-en-verre-recycle\/ateliers-de-verre-file-chalumeau-loire-42-andreia-matos\/atelier-initiation-au-verre-file-au-chalumeau\/\" \/>\n<meta property=\"og:site_name\" content=\"Verre d&#039;Art\" \/>\n<meta property=\"article:publisher\" content=\"https:\/\/www.facebook.com\/Verredart\" \/>\n<meta property=\"article:modified_time\" content=\"2025-09-23T19:55:10+00:00\" \/>\n<meta property=\"og:image\" content=\"https:\/\/www.verredart.fr\/wp-content\/uploads\/2024\/12\/IMG_6020.webp\" \/>\n\t<meta property=\"og:image:width\" content=\"532\" \/>\n\t<meta property=\"og:image:height\" content=\"532\" \/>\n\t<meta property=\"og:image:type\" content=\"image\/webp\" \/>\n<meta name=\"twitter:card\" content=\"summary_large_image\" \/>\n<meta name=\"twitter:site\" content=\"@verredart\" \/>\n<meta name=\"twitter:label1\" content=\"Est. reading time\" \/>\n\t<meta name=\"twitter:data1\" content=\"2 minutes\" \/>\n<script type=\"application\/ld+json\" class=\"yoast-schema-graph\">{\"@context\":\"https:\\\/\\\/schema.org\",\"@graph\":[{\"@type\":\"WebPage\",\"@id\":\"https:\\\/\\\/www.verredart.fr\\\/verre-dart-bijoux-en-verre-recycle\\\/ateliers-de-verre-file-chalumeau-loire-42-andreia-matos\\\/atelier-initiation-au-verre-file-au-chalumeau\\\/\",\"url\":\"https:\\\/\\\/www.verredart.fr\\\/verre-dart-bijoux-en-verre-recycle\\\/ateliers-de-verre-file-chalumeau-loire-42-andreia-matos\\\/atelier-initiation-au-verre-file-au-chalumeau\\\/\",\"name\":\"Atelier Initiation au verre fil\u00e9 au chalumeau - Cr\u00e9ation de perles\",\"isPartOf\":{\"@id\":\"https:\\\/\\\/www.verredart.fr\\\/#website\"},\"primaryImageOfPage\":{\"@id\":\"https:\\\/\\\/www.verredart.fr\\\/verre-dart-bijoux-en-verre-recycle\\\/ateliers-de-verre-file-chalumeau-loire-42-andreia-matos\\\/atelier-initiation-au-verre-file-au-chalumeau\\\/#primaryimage\"},\"image\":{\"@id\":\"https:\\\/\\\/www.verredart.fr\\\/verre-dart-bijoux-en-verre-recycle\\\/ateliers-de-verre-file-chalumeau-loire-42-andreia-matos\\\/atelier-initiation-au-verre-file-au-chalumeau\\\/#primaryimage\"},\"thumbnailUrl\":\"https:\\\/\\\/i0.wp.com\\\/www.verredart.fr\\\/wp-content\\\/uploads\\\/2024\\\/12\\\/IMG_6020.webp?fit=532%2C532&ssl=1\",\"datePublished\":\"2024-12-21T21:17:55+00:00\",\"dateModified\":\"2025-09-23T19:55:10+00:00\",\"description\":\"Apprenez les bases du verre fil\u00e9 au chalumeau avec l\u2019atelier initiation. D\u00e9couvrez la cr\u00e9ation de perles monochromes. R\u00e9servez votre place d\u00e8s maintenant !\",\"breadcrumb\":{\"@id\":\"https:\\\/\\\/www.verredart.fr\\\/verre-dart-bijoux-en-verre-recycle\\\/ateliers-de-verre-file-chalumeau-loire-42-andreia-matos\\\/atelier-initiation-au-verre-file-au-chalumeau\\\/#breadcrumb\"},\"inLanguage\":\"en-US\",\"potentialAction\":[{\"@type\":\"ReadAction\",\"target\":[\"https:\\\/\\\/www.verredart.fr\\\/verre-dart-bijoux-en-verre-recycle\\\/ateliers-de-verre-file-chalumeau-loire-42-andreia-matos\\\/atelier-initiation-au-verre-file-au-chalumeau\\\/\"]}]},{\"@type\":\"ImageObject\",\"inLanguage\":\"en-US\",\"@id\":\"https:\\\/\\\/www.verredart.fr\\\/verre-dart-bijoux-en-verre-recycle\\\/ateliers-de-verre-file-chalumeau-loire-42-andreia-matos\\\/atelier-initiation-au-verre-file-au-chalumeau\\\/#primaryimage\",\"url\":\"https:\\\/\\\/i0.wp.com\\\/www.verredart.fr\\\/wp-content\\\/uploads\\\/2024\\\/12\\\/IMG_6020.webp?fit=532%2C532&ssl=1\",\"contentUrl\":\"https:\\\/\\\/i0.wp.com\\\/www.verredart.fr\\\/wp-content\\\/uploads\\\/2024\\\/12\\\/IMG_6020.webp?fit=532%2C532&ssl=1\",\"width\":532,\"height\":532,\"caption\":\"Atelier Initiation au verre fil\u00e9 au chalumeau - Cr\u00e9ation de perles\"},{\"@type\":\"BreadcrumbList\",\"@id\":\"https:\\\/\\\/www.verredart.fr\\\/verre-dart-bijoux-en-verre-recycle\\\/ateliers-de-verre-file-chalumeau-loire-42-andreia-matos\\\/atelier-initiation-au-verre-file-au-chalumeau\\\/#breadcrumb\",\"itemListElement\":[{\"@type\":\"ListItem\",\"position\":1,\"name\":\"Collections\",\"item\":\"https:\\\/\\\/www.verredart.fr\\\/verre-dart-bijoux-en-verre-recycle\\\/boutique-bijoux-en-verre-culinaire-recycle\\\/\"},{\"@type\":\"ListItem\",\"position\":2,\"name\":\"Ateliers\",\"item\":\"https:\\\/\\\/www.verredart.fr\\\/bijoux-en-verre-recycle\\\/ateliers-de-verre-file-chalumeau-loire-42-andreia-matos\\\/\"},{\"@type\":\"ListItem\",\"position\":3,\"name\":\"Atelier Initiation &#8211; Cr\u00e9ation de perles &#8211; 2h\"}]},{\"@type\":\"WebSite\",\"@id\":\"https:\\\/\\\/www.verredart.fr\\\/#website\",\"url\":\"https:\\\/\\\/www.verredart.fr\\\/\",\"name\":\"Verre d'Art\",\"description\":\"Recyclage de verre non recyclable en cr\u00e9ations uniques et engag\u00e9s\",\"publisher\":{\"@id\":\"https:\\\/\\\/www.verredart.fr\\\/#organization\"},\"potentialAction\":[{\"@type\":\"SearchAction\",\"target\":{\"@type\":\"EntryPoint\",\"urlTemplate\":\"https:\\\/\\\/www.verredart.fr\\\/?s={search_term_string}\"},\"query-input\":{\"@type\":\"PropertyValueSpecification\",\"valueRequired\":true,\"valueName\":\"search_term_string\"}}],\"inLanguage\":\"en-US\"},{\"@type\":\"Organization\",\"@id\":\"https:\\\/\\\/www.verredart.fr\\\/#organization\",\"name\":\"Verre d'Art\",\"url\":\"https:\\\/\\\/www.verredart.fr\\\/\",\"logo\":{\"@type\":\"ImageObject\",\"inLanguage\":\"en-US\",\"@id\":\"https:\\\/\\\/www.verredart.fr\\\/#\\\/schema\\\/logo\\\/image\\\/\",\"url\":\"\",\"contentUrl\":\"\",\"caption\":\"Verre d'Art\"},\"image\":{\"@id\":\"https:\\\/\\\/www.verredart.fr\\\/#\\\/schema\\\/logo\\\/image\\\/\"},\"sameAs\":[\"https:\\\/\\\/www.facebook.com\\\/Verredart\",\"https:\\\/\\\/x.com\\\/verredart\",\"https:\\\/\\\/www.instagram.com\\\/Verre_dart\",\"https:\\\/\\\/www.pinterest.fr\\\/verredart\\\/\"]}]}<\/script>\n<!-- \/ Yoast SEO plugin. -->","yoast_head_json":{"title":"Atelier Initiation au verre fil\u00e9 au chalumeau - Cr\u00e9ation de perles","description":"Apprenez les bases du verre fil\u00e9 au chalumeau avec l\u2019atelier initiation. D\u00e9couvrez la cr\u00e9ation de perles monochromes. R\u00e9servez votre place d\u00e8s","robots":{"index":"index","follow":"follow","max-snippet":"max-snippet:-1","max-image-preview":"max-image-preview:large","max-video-preview":"max-video-preview:-1"},"canonical":"https:\/\/www.verredart.fr\/en\/verre-dart-bijoux-en-verre-recycle\/ateliers-de-verre-file-chalumeau-loire-42-andreia-matos\/atelier-initiation-au-verre-file-au-chalumeau\/","og_locale":"en_US","og_type":"article","og_title":"Atelier Initiation au verre fil\u00e9 au chalumeau - Cr\u00e9ation de perles","og_description":"Apprenez les bases du verre fil\u00e9 au chalumeau avec l\u2019atelier initiation. D\u00e9couvrez la cr\u00e9ation de perles monochromes. R\u00e9servez votre place d\u00e8s","og_url":"https:\/\/www.verredart.fr\/en\/verre-dart-bijoux-en-verre-recycle\/ateliers-de-verre-file-chalumeau-loire-42-andreia-matos\/atelier-initiation-au-verre-file-au-chalumeau\/","og_site_name":"Verre d&#039;Art","article_publisher":"https:\/\/www.facebook.com\/Verredart","article_modified_time":"2025-09-23T19:55:10+00:00","og_image":[{"width":532,"height":532,"url":"https:\/\/www.verredart.fr\/wp-content\/uploads\/2024\/12\/IMG_6020.webp","type":"image\/webp"}],"twitter_card":"summary_large_image","twitter_site":"@verredart","twitter_misc":{"Est. reading time":"2 minutes"},"schema":{"@context":"https:\/\/schema.org","@graph":[{"@type":"WebPage","@id":"https:\/\/www.verredart.fr\/verre-dart-bijoux-en-verre-recycle\/ateliers-de-verre-file-chalumeau-loire-42-andreia-matos\/atelier-initiation-au-verre-file-au-chalumeau\/","url":"https:\/\/www.verredart.fr\/verre-dart-bijoux-en-verre-recycle\/ateliers-de-verre-file-chalumeau-loire-42-andreia-matos\/atelier-initiation-au-verre-file-au-chalumeau\/","name":"Atelier Initiation au verre fil\u00e9 au chalumeau - Cr\u00e9ation de perles","isPartOf":{"@id":"https:\/\/www.verredart.fr\/#website"},"primaryImageOfPage":{"@id":"https:\/\/www.verredart.fr\/verre-dart-bijoux-en-verre-recycle\/ateliers-de-verre-file-chalumeau-loire-42-andreia-matos\/atelier-initiation-au-verre-file-au-chalumeau\/#primaryimage"},"image":{"@id":"https:\/\/www.verredart.fr\/verre-dart-bijoux-en-verre-recycle\/ateliers-de-verre-file-chalumeau-loire-42-andreia-matos\/atelier-initiation-au-verre-file-au-chalumeau\/#primaryimage"},"thumbnailUrl":"https:\/\/i0.wp.com\/www.verredart.fr\/wp-content\/uploads\/2024\/12\/IMG_6020.webp?fit=532%2C532&ssl=1","datePublished":"2024-12-21T21:17:55+00:00","dateModified":"2025-09-23T19:55:10+00:00","description":"Apprenez les bases du verre fil\u00e9 au chalumeau avec l\u2019atelier initiation. D\u00e9couvrez la cr\u00e9ation de perles monochromes. R\u00e9servez votre place d\u00e8s maintenant !","breadcrumb":{"@id":"https:\/\/www.verredart.fr\/verre-dart-bijoux-en-verre-recycle\/ateliers-de-verre-file-chalumeau-loire-42-andreia-matos\/atelier-initiation-au-verre-file-au-chalumeau\/#breadcrumb"},"inLanguage":"en-US","potentialAction":[{"@type":"ReadAction","target":["https:\/\/www.verredart.fr\/verre-dart-bijoux-en-verre-recycle\/ateliers-de-verre-file-chalumeau-loire-42-andreia-matos\/atelier-initiation-au-verre-file-au-chalumeau\/"]}]},{"@type":"ImageObject","inLanguage":"en-US","@id":"https:\/\/www.verredart.fr\/verre-dart-bijoux-en-verre-recycle\/ateliers-de-verre-file-chalumeau-loire-42-andreia-matos\/atelier-initiation-au-verre-file-au-chalumeau\/#primaryimage","url":"https:\/\/i0.wp.com\/www.verredart.fr\/wp-content\/uploads\/2024\/12\/IMG_6020.webp?fit=532%2C532&ssl=1","contentUrl":"https:\/\/i0.wp.com\/www.verredart.fr\/wp-content\/uploads\/2024\/12\/IMG_6020.webp?fit=532%2C532&ssl=1","width":532,"height":532,"caption":"Atelier Initiation au verre fil\u00e9 au chalumeau - Cr\u00e9ation de perles"},{"@type":"BreadcrumbList","@id":"https:\/\/www.verredart.fr\/verre-dart-bijoux-en-verre-recycle\/ateliers-de-verre-file-chalumeau-loire-42-andreia-matos\/atelier-initiation-au-verre-file-au-chalumeau\/#breadcrumb","itemListElement":[{"@type":"ListItem","position":1,"name":"Collections","item":"https:\/\/www.verredart.fr\/verre-dart-bijoux-en-verre-recycle\/boutique-bijoux-en-verre-culinaire-recycle\/"},{"@type":"ListItem","position":2,"name":"Ateliers","item":"https:\/\/www.verredart.fr\/bijoux-en-verre-recycle\/ateliers-de-verre-file-chalumeau-loire-42-andreia-matos\/"},{"@type":"ListItem","position":3,"name":"Atelier Initiation &#8211; Cr\u00e9ation de perles &#8211; 2h"}]},{"@type":"WebSite","@id":"https:\/\/www.verredart.fr\/#website","url":"https:\/\/www.verredart.fr\/","name":"Verre d'Art","description":"Recyclage de verre non recyclable en cr\u00e9ations uniques et engag\u00e9s","publisher":{"@id":"https:\/\/www.verredart.fr\/#organization"},"potentialAction":[{"@type":"SearchAction","target":{"@type":"EntryPoint","urlTemplate":"https:\/\/www.verredart.fr\/?s={search_term_string}"},"query-input":{"@type":"PropertyValueSpecification","valueRequired":true,"valueName":"search_term_string"}}],"inLanguage":"en-US"},{"@type":"Organization","@id":"https:\/\/www.verredart.fr\/#organization","name":"Verre d'Art","url":"https:\/\/www.verredart.fr\/","logo":{"@type":"ImageObject","inLanguage":"en-US","@id":"https:\/\/www.verredart.fr\/#\/schema\/logo\/image\/","url":"","contentUrl":"","caption":"Verre d'Art"},"image":{"@id":"https:\/\/www.verredart.fr\/#\/schema\/logo\/image\/"},"sameAs":["https:\/\/www.facebook.com\/Verredart","https:\/\/x.com\/verredart","https:\/\/www.instagram.com\/Verre_dart","https:\/\/www.pinterest.fr\/verredart\/"]}]}},"jetpack_sharing_enabled":true,"_links":{"self":[{"href":"https:\/\/www.verredart.fr\/en\/wp-json\/wp\/v2\/product\/3750","targetHints":{"allow":["GET"]}}],"collection":[{"href":"https:\/\/www.verredart.fr\/en\/wp-json\/wp\/v2\/product"}],"about":[{"href":"https:\/\/www.verredart.fr\/en\/wp-json\/wp\/v2\/types\/product"}],"wp:featuredmedia":[{"embeddable":true,"href":"https:\/\/www.verredart.fr\/en\/wp-json\/wp\/v2\/media\/3763"}],"wp:attachment":[{"href":"https:\/\/www.verredart.fr\/en\/wp-json\/wp\/v2\/media?parent=3750"}],"wp:term":[{"taxonomy":"product_brand","embeddable":true,"href":"https:\/\/www.verredart.fr\/en\/wp-json\/wp\/v2\/product_brand?post=3750"},{"taxonomy":"product_cat","embeddable":true,"href":"https:\/\/www.verredart.fr\/en\/wp-json\/wp\/v2\/product_cat?post=3750"},{"taxonomy":"product_tag","embeddable":true,"href":"https:\/\/www.verredart.fr\/en\/wp-json\/wp\/v2\/product_tag?post=3750"}],"curies":[{"name":"wp","href":"https:\/\/api.w.org\/{rel}","templated":true}]}}