{"id":6421,"date":"2026-01-09T11:48:55","date_gmt":"2026-01-09T11:48:55","guid":{"rendered":"https:\/\/www.verredart.fr\/?post_type=product&#038;p=6421"},"modified":"2026-04-23T17:51:21","modified_gmt":"2026-04-23T17:51:21","slug":"bracelet-en-verre-recycle-citrons-bijou-vitamine-fait-main","status":"publish","type":"product","link":"https:\/\/www.verredart.fr\/en\/verre-dart-bijoux-en-verre-recycle\/bracelets-en-verre-recycle\/bracelet-en-verre-recycle-citrons-bijou-vitamine-fait-main\/","title":{"rendered":"Bracelet en verre recycl\u00e9 citrons \u2013 bijou vitamin\u00e9 fait main"},"content":{"rendered":"<h2 data-start=\"527\" data-end=\"594\"><strong data-start=\"530\" data-end=\"594\">Bracelet en verre recycl\u00e9 citrons \u2013 bijou vitamin\u00e9 fait main<\/strong><\/h2>\n<h3 data-start=\"596\" data-end=\"683\"><strong data-start=\"600\" data-end=\"683\">Une cr\u00e9ation artisanale pleine de fra\u00eecheur, fa\u00e7onn\u00e9e \u00e0 partir de verre recycl\u00e9<\/strong><\/h3>\n<p data-start=\"685\" data-end=\"948\">Ce <strong data-start=\"688\" data-end=\"717\">bracelet en verre recycl\u00e9<\/strong> est une pi\u00e8ce p\u00e9tillante, inspir\u00e9e par la nature et la gourmandise. Je l\u2019ai cr\u00e9\u00e9 \u00e0 partir de deux sources de <a href=\"https:\/\/www.verredart.fr\/en\/a-propos-de-verre-dart\/recyclage-de-verre-culinaire\/\"><strong data-start=\"827\" data-end=\"851\">The non-recyclable glass<\/strong><\/a> : une <strong data-start=\"858\" data-end=\"880\">tasse jaune cass\u00e9e<\/strong> pour les citrons, et un <strong data-start=\"905\" data-end=\"922\">verre \u00e0 boire<\/strong> pour les feuilles vertes.<\/p>\n<p data-start=\"950\" data-end=\"1232\">Chaque \u00e9l\u00e9ment est fil\u00e9 \u00e0 la main dans la flamme de mon chalumeau. Les <strong data-start=\"1021\" data-end=\"1039\">petits citrons<\/strong> sont souffl\u00e9s et fa\u00e7onn\u00e9s avec pr\u00e9cision, tandis que les <strong data-start=\"1097\" data-end=\"1118\">feuilles en verre<\/strong> sont dessin\u00e9es avec d\u00e9licatesse \u00e0 chaud. Ainsi, chaque bijou est unique et porte les traces de sa transformation.<\/p>\n<p data-start=\"1234\" data-end=\"1418\">La cha\u00eene en <strong data-start=\"1247\" data-end=\"1267\">acier inoxydable<\/strong> est fine mais solide. Elle est ajustable de <strong data-start=\"1312\" data-end=\"1326\">17 \u00e0 22 cm<\/strong> gr\u00e2ce \u00e0 une cha\u00eenette d\u2019extension, ce qui permet une adaptation facile \u00e0 tous les poignets.<\/p>\n<h3 data-start=\"1420\" data-end=\"1476\"><strong data-start=\"1424\" data-end=\"1476\">Un bijou joyeux et \u00e9thique \u00e0 porter au quotidien<\/strong><\/h3>\n<p data-start=\"1478\" data-end=\"1733\">Ce <strong data-start=\"1481\" data-end=\"1509\">bracelet \u00e9co-responsable<\/strong> attire le regard avec ses couleurs vives. Le jaune citron contraste joliment avec le vert translucide des feuilles. Ce design frais, original et ludique s&rsquo;accorde parfaitement avec un look d\u00e9contract\u00e9 ou une tenue estivale.<\/p>\n<p data-start=\"1735\" data-end=\"1942\">D\u2019ailleurs, son style fruit\u00e9 en fait un bijou parfait pour les amoureux.ses des cr\u00e9ations originales et des pi\u00e8ces pleines de personnalit\u00e9. De plus, il s&rsquo;agit d&rsquo;une alternative durable aux bijoux classiques.<\/p>\n<h3 data-start=\"1944\" data-end=\"2006\"><strong data-start=\"1948\" data-end=\"2006\">Pourquoi choisir ce bracelet citron en verre recycl\u00e9 ?<\/strong><\/h3>\n<h4 data-start=\"2008\" data-end=\"2069\"><strong data-start=\"2013\" data-end=\"2069\">Un v\u00e9ritable travail d\u2019upcycling, artisanal et local<\/strong><\/h4>\n<p data-start=\"2071\" data-end=\"2295\">Je transforme du <strong data-start=\"2088\" data-end=\"2122\">verre culinaire non recyclable<\/strong> en le chauffant \u00e0 plus de 1000\u00b0C. Cette technique de <a href=\"https:\/\/www.verredart.fr\/en\/verre-file-chalumeau-verre-reycle-non-recyclable\/\"><strong data-start=\"2176\" data-end=\"2199\">filage au chalumeau<\/strong><\/a> permet de r\u00e9utiliser des objets cass\u00e9s ou oubli\u00e9s pour cr\u00e9er des <strong data-start=\"2265\" data-end=\"2294\">bijoux uniques faits main<\/strong>.<\/p>\n<p data-start=\"2297\" data-end=\"2523\">Ce bracelet incarne cette d\u00e9marche : il allie <strong data-start=\"2343\" data-end=\"2376\">cr\u00e9ation artisanale fran\u00e7aise<\/strong>, <strong data-start=\"2378\" data-end=\"2410\">upcycling de verre culinaire<\/strong> et esth\u00e9tique contemporaine. En effet, chaque pi\u00e8ce est con\u00e7ue lentement, sans moule ni production industrielle.<\/p>\n<h4 data-start=\"2525\" data-end=\"2572\"><strong data-start=\"2530\" data-end=\"2572\">Un cadeau original, vitamin\u00e9 et engag\u00e9<\/strong><\/h4>\n<p data-start=\"2574\" data-end=\"2772\">Ce <strong data-start=\"2577\" data-end=\"2606\">bracelet en verre recycl\u00e9<\/strong> est une id\u00e9e cadeau parfaite pour les amateurs de bijoux faits main. Il plaira \u00e0 celles et ceux qui souhaitent porter un bijou porteur de sens, color\u00e9, mais discret.<\/p>\n<p data-start=\"2774\" data-end=\"2985\">Tu peux l\u2019associer \u00e0 d\u2019autres cr\u00e9ations de ma collection : <strong data-start=\"2833\" data-end=\"2872\">earrings made from recycled glass<\/strong>, <strong data-start=\"2874\" data-end=\"2896\">bagues artisanales<\/strong>, ou encore mes <strong data-start=\"2912\" data-end=\"2941\">pics \u00e0 ap\u00e9ritifs en verre<\/strong> pour un coffret 100 % \u00e9thique et fait main.<\/p>\n<hr data-start=\"2987\" data-end=\"2990\" \/>\n<p data-start=\"2992\" data-end=\"3165\">Adopte ce <strong data-start=\"3002\" data-end=\"3038\">bracelet citron en verre recycl\u00e9<\/strong>, n\u00e9 de la transformation de mat\u00e9riaux oubli\u00e9s. Un bijou joyeux, artisanal et durable, pour illuminer ton poignet au quotidien.<\/p>","protected":false},"excerpt":{"rendered":"<h3 data-start=\"3231\" data-end=\"3306\"><strong data-start=\"3235\" data-end=\"3306\">Bracelet en verre recycl\u00e9 citron \u2013 bijou fait main en jaune et vert<\/strong><\/h3>\n<p data-start=\"3308\" data-end=\"3586\">Ce <strong data-start=\"3311\" data-end=\"3340\">bracelet en verre recycl\u00e9<\/strong> est une cr\u00e9ation artisanale pleine de pep&rsquo;s. Je l\u2019ai fa\u00e7onn\u00e9 \u00e0 partir d\u2019une <strong data-start=\"3417\" data-end=\"3439\">tasse jaune cass\u00e9e<\/strong> et d\u2019un <strong data-start=\"3448\" data-end=\"3465\">verre \u00e0 boire<\/strong>. Ces deux \u00e9l\u00e9ments m&rsquo;ont permis de cr\u00e9er \u00e0 la main de <strong data-start=\"3520\" data-end=\"3545\">petits citrons jaunes<\/strong> et des <strong data-start=\"3553\" data-end=\"3585\">feuilles vertes translucides<\/strong>.<\/p>\n<p data-start=\"3588\" data-end=\"3763\">Chaque perle a \u00e9t\u00e9 fil\u00e9e au chalumeau, sans moule. Le travail est enti\u00e8rement fait \u00e0 la main. Les formes sont donc l\u00e9g\u00e8rement irr\u00e9guli\u00e8res, ce qui rend chaque bracelet unique.<\/p>\n<p data-start=\"3765\" data-end=\"3940\">Il est mont\u00e9 sur une cha\u00eene fine en <strong data-start=\"3801\" data-end=\"3821\">acier inoxydable<\/strong>. Elle mesure entre <strong data-start=\"3841\" data-end=\"3856\">17 et 22 cm<\/strong> gr\u00e2ce \u00e0 une extension r\u00e9glable. Ce mat\u00e9riau est hypoallerg\u00e9nique et ne rouille pas.<\/p>\n<p data-start=\"3942\" data-end=\"4135\">Le bracelet est l\u00e9ger, agr\u00e9able \u00e0 porter, et tr\u00e8s lumineux. Le contraste entre le jaune vif et le vert feuille attire imm\u00e9diatement l\u2019\u0153il. Il s\u2019accorde facilement \u00e0 un style naturel ou estival.<\/p>\n<p data-start=\"4137\" data-end=\"4336\">Ce bijou refl\u00e8te mon engagement dans une d\u00e9marche de <a href=\"https:\/\/www.verredart.fr\/en\/a-propos-de-verre-dart\/recyclage-de-verre-culinaire\/\"><strong data-start=\"4190\" data-end=\"4222\">recyclage de verre culinaire<\/strong><\/a>. Je donne une seconde vie \u00e0 des objets du quotidien, en cr\u00e9ant des <strong data-start=\"4290\" data-end=\"4317\">bijoux \u00e9co-responsables<\/strong> et pleins de sens.<\/p>\n<p data-start=\"4338\" data-end=\"4513\">Tu peux porter ce <strong data-start=\"4356\" data-end=\"4375\">bracelet citron<\/strong> seul ou en association avec mes autres <strong data-start=\"4415\" data-end=\"4457\">accessoires en verre fil\u00e9 au chalumeau<\/strong>. Il est aussi parfait comme cadeau original et durable.<\/p>","protected":false},"featured_media":6422,"template":"","meta":[],"product_brand":[],"product_cat":[21],"product_tag":[],"class_list":{"0":"post-6421","1":"product","2":"type-product","3":"status-publish","4":"has-post-thumbnail","6":"product_cat-bracelets-en-verre-recycle","8":"entry","9":"has-media","11":"first","12":"instock","13":"shipping-taxable","14":"purchasable","15":"product-type-simple","16":"has-product-nav","17":"col","18":"span_1_of_3","19":"owp-content-center","20":"item-entry","21":"owp-thumbs-layout-vertical","22":"owp-btn-big","23":"owp-tabs-layout-horizontal"},"yoast_head":"<!-- This site is optimized with the Yoast SEO plugin v27.6 - https:\/\/yoast.com\/product\/yoast-seo-wordpress\/ -->\n<title>Bracelet en verre recycl\u00e9 citron jaune fait main<\/title>\n<meta name=\"description\" content=\"Un bracelet en verre recycl\u00e9 citron jaune fait main, issu d\u2019une tasse et d\u2019un verre \u2013 joyeux, \u00e9thique et unique, pr\u00eat \u00e0 illuminer ton poigne\" \/>\n<meta name=\"robots\" content=\"index, follow, max-snippet:-1, max-image-preview:large, max-video-preview:-1\" \/>\n<link rel=\"canonical\" href=\"https:\/\/www.verredart.fr\/en\/verre-dart-bijoux-en-verre-recycle\/bracelets-en-verre-recycle\/bracelet-en-verre-recycle-citrons-bijou-vitamine-fait-main\/\" \/>\n<meta property=\"og:locale\" content=\"en_US\" \/>\n<meta property=\"og:type\" content=\"article\" \/>\n<meta property=\"og:title\" content=\"Bracelet en verre recycl\u00e9 citron jaune fait main\" \/>\n<meta property=\"og:description\" content=\"Un bracelet en verre recycl\u00e9 citron jaune fait main, issu d\u2019une tasse et d\u2019un verre \u2013 joyeux, \u00e9thique et unique, pr\u00eat \u00e0 illuminer ton poigne\" \/>\n<meta property=\"og:url\" content=\"https:\/\/www.verredart.fr\/en\/verre-dart-bijoux-en-verre-recycle\/bracelets-en-verre-recycle\/bracelet-en-verre-recycle-citrons-bijou-vitamine-fait-main\/\" \/>\n<meta property=\"og:site_name\" content=\"Verre d&#039;Art\" \/>\n<meta property=\"article:publisher\" content=\"https:\/\/www.facebook.com\/Verredart\" \/>\n<meta property=\"article:modified_time\" content=\"2026-04-23T17:51:21+00:00\" \/>\n<meta property=\"og:image\" content=\"https:\/\/www.verredart.fr\/wp-content\/uploads\/2026\/01\/IMG_5799.jpg\" \/>\n\t<meta property=\"og:image:width\" content=\"1920\" \/>\n\t<meta property=\"og:image:height\" content=\"1080\" \/>\n\t<meta property=\"og:image:type\" content=\"image\/jpeg\" \/>\n<meta name=\"twitter:card\" content=\"summary_large_image\" \/>\n<meta name=\"twitter:site\" content=\"@verredart\" \/>\n<meta name=\"twitter:label1\" content=\"Est. reading time\" \/>\n\t<meta name=\"twitter:data1\" content=\"3 minutes\" \/>\n<script type=\"application\/ld+json\" class=\"yoast-schema-graph\">{\"@context\":\"https:\\\/\\\/schema.org\",\"@graph\":[{\"@type\":\"WebPage\",\"@id\":\"https:\\\/\\\/www.verredart.fr\\\/verre-dart-bijoux-en-verre-recycle\\\/bracelets-en-verre-recycle\\\/bracelet-en-verre-recycle-citrons-bijou-vitamine-fait-main\\\/\",\"url\":\"https:\\\/\\\/www.verredart.fr\\\/verre-dart-bijoux-en-verre-recycle\\\/bracelets-en-verre-recycle\\\/bracelet-en-verre-recycle-citrons-bijou-vitamine-fait-main\\\/\",\"name\":\"Bracelet en verre recycl\u00e9 citron jaune fait main\",\"isPartOf\":{\"@id\":\"https:\\\/\\\/www.verredart.fr\\\/#website\"},\"primaryImageOfPage\":{\"@id\":\"https:\\\/\\\/www.verredart.fr\\\/verre-dart-bijoux-en-verre-recycle\\\/bracelets-en-verre-recycle\\\/bracelet-en-verre-recycle-citrons-bijou-vitamine-fait-main\\\/#primaryimage\"},\"image\":{\"@id\":\"https:\\\/\\\/www.verredart.fr\\\/verre-dart-bijoux-en-verre-recycle\\\/bracelets-en-verre-recycle\\\/bracelet-en-verre-recycle-citrons-bijou-vitamine-fait-main\\\/#primaryimage\"},\"thumbnailUrl\":\"https:\\\/\\\/i0.wp.com\\\/www.verredart.fr\\\/wp-content\\\/uploads\\\/2026\\\/01\\\/IMG_5799.jpg?fit=1920%2C1080&ssl=1\",\"datePublished\":\"2026-01-09T11:48:55+00:00\",\"dateModified\":\"2026-04-23T17:51:21+00:00\",\"description\":\"Un bracelet en verre recycl\u00e9 citron jaune fait main, issu d\u2019une tasse et d\u2019un verre \u2013 joyeux, \u00e9thique et unique, pr\u00eat \u00e0 illuminer ton poignet.\",\"breadcrumb\":{\"@id\":\"https:\\\/\\\/www.verredart.fr\\\/verre-dart-bijoux-en-verre-recycle\\\/bracelets-en-verre-recycle\\\/bracelet-en-verre-recycle-citrons-bijou-vitamine-fait-main\\\/#breadcrumb\"},\"inLanguage\":\"en-US\",\"potentialAction\":[{\"@type\":\"ReadAction\",\"target\":[\"https:\\\/\\\/www.verredart.fr\\\/verre-dart-bijoux-en-verre-recycle\\\/bracelets-en-verre-recycle\\\/bracelet-en-verre-recycle-citrons-bijou-vitamine-fait-main\\\/\"]}]},{\"@type\":\"ImageObject\",\"inLanguage\":\"en-US\",\"@id\":\"https:\\\/\\\/www.verredart.fr\\\/verre-dart-bijoux-en-verre-recycle\\\/bracelets-en-verre-recycle\\\/bracelet-en-verre-recycle-citrons-bijou-vitamine-fait-main\\\/#primaryimage\",\"url\":\"https:\\\/\\\/i0.wp.com\\\/www.verredart.fr\\\/wp-content\\\/uploads\\\/2026\\\/01\\\/IMG_5799.jpg?fit=1920%2C1080&ssl=1\",\"contentUrl\":\"https:\\\/\\\/i0.wp.com\\\/www.verredart.fr\\\/wp-content\\\/uploads\\\/2026\\\/01\\\/IMG_5799.jpg?fit=1920%2C1080&ssl=1\",\"width\":1920,\"height\":1080,\"caption\":\"bracelet en verre recycl\u00e9 citron fait main \u2013 bijou \u00e9co-responsable jaune et vert issu de vaisselle cass\u00e9e\"},{\"@type\":\"BreadcrumbList\",\"@id\":\"https:\\\/\\\/www.verredart.fr\\\/verre-dart-bijoux-en-verre-recycle\\\/bracelets-en-verre-recycle\\\/bracelet-en-verre-recycle-citrons-bijou-vitamine-fait-main\\\/#breadcrumb\",\"itemListElement\":[{\"@type\":\"ListItem\",\"position\":1,\"name\":\"Collections\",\"item\":\"https:\\\/\\\/www.verredart.fr\\\/verre-dart-bijoux-en-verre-recycle\\\/boutique-bijoux-en-verre-culinaire-recycle\\\/\"},{\"@type\":\"ListItem\",\"position\":2,\"name\":\"Bracelets\",\"item\":\"https:\\\/\\\/www.verredart.fr\\\/bijoux-en-verre-recycle\\\/bracelets-en-verre-recycle\\\/\"},{\"@type\":\"ListItem\",\"position\":3,\"name\":\"Bracelet en verre recycl\u00e9 citrons \u2013 bijou vitamin\u00e9 fait main\"}]},{\"@type\":\"WebSite\",\"@id\":\"https:\\\/\\\/www.verredart.fr\\\/#website\",\"url\":\"https:\\\/\\\/www.verredart.fr\\\/\",\"name\":\"Verre d'Art\",\"description\":\"Recyclage de verre non recyclable en cr\u00e9ations uniques et engag\u00e9s\",\"publisher\":{\"@id\":\"https:\\\/\\\/www.verredart.fr\\\/#organization\"},\"potentialAction\":[{\"@type\":\"SearchAction\",\"target\":{\"@type\":\"EntryPoint\",\"urlTemplate\":\"https:\\\/\\\/www.verredart.fr\\\/?s={search_term_string}\"},\"query-input\":{\"@type\":\"PropertyValueSpecification\",\"valueRequired\":true,\"valueName\":\"search_term_string\"}}],\"inLanguage\":\"en-US\"},{\"@type\":\"Organization\",\"@id\":\"https:\\\/\\\/www.verredart.fr\\\/#organization\",\"name\":\"Verre d'Art\",\"url\":\"https:\\\/\\\/www.verredart.fr\\\/\",\"logo\":{\"@type\":\"ImageObject\",\"inLanguage\":\"en-US\",\"@id\":\"https:\\\/\\\/www.verredart.fr\\\/#\\\/schema\\\/logo\\\/image\\\/\",\"url\":\"\",\"contentUrl\":\"\",\"caption\":\"Verre d'Art\"},\"image\":{\"@id\":\"https:\\\/\\\/www.verredart.fr\\\/#\\\/schema\\\/logo\\\/image\\\/\"},\"sameAs\":[\"https:\\\/\\\/www.facebook.com\\\/Verredart\",\"https:\\\/\\\/x.com\\\/verredart\",\"https:\\\/\\\/www.instagram.com\\\/Verre_dart\",\"https:\\\/\\\/www.pinterest.fr\\\/verredart\\\/\"]}]}<\/script>\n<!-- \/ Yoast SEO plugin. -->","yoast_head_json":{"title":"Bracelet en verre recycl\u00e9 citron jaune fait main","description":"Un bracelet en verre recycl\u00e9 citron jaune fait main, issu d\u2019une tasse et d\u2019un verre \u2013 joyeux, \u00e9thique et unique, pr\u00eat \u00e0 illuminer ton poigne","robots":{"index":"index","follow":"follow","max-snippet":"max-snippet:-1","max-image-preview":"max-image-preview:large","max-video-preview":"max-video-preview:-1"},"canonical":"https:\/\/www.verredart.fr\/en\/verre-dart-bijoux-en-verre-recycle\/bracelets-en-verre-recycle\/bracelet-en-verre-recycle-citrons-bijou-vitamine-fait-main\/","og_locale":"en_US","og_type":"article","og_title":"Bracelet en verre recycl\u00e9 citron jaune fait main","og_description":"Un bracelet en verre recycl\u00e9 citron jaune fait main, issu d\u2019une tasse et d\u2019un verre \u2013 joyeux, \u00e9thique et unique, pr\u00eat \u00e0 illuminer ton poigne","og_url":"https:\/\/www.verredart.fr\/en\/verre-dart-bijoux-en-verre-recycle\/bracelets-en-verre-recycle\/bracelet-en-verre-recycle-citrons-bijou-vitamine-fait-main\/","og_site_name":"Verre d&#039;Art","article_publisher":"https:\/\/www.facebook.com\/Verredart","article_modified_time":"2026-04-23T17:51:21+00:00","og_image":[{"width":1920,"height":1080,"url":"https:\/\/www.verredart.fr\/wp-content\/uploads\/2026\/01\/IMG_5799.jpg","type":"image\/jpeg"}],"twitter_card":"summary_large_image","twitter_site":"@verredart","twitter_misc":{"Est. reading time":"3 minutes"},"schema":{"@context":"https:\/\/schema.org","@graph":[{"@type":"WebPage","@id":"https:\/\/www.verredart.fr\/verre-dart-bijoux-en-verre-recycle\/bracelets-en-verre-recycle\/bracelet-en-verre-recycle-citrons-bijou-vitamine-fait-main\/","url":"https:\/\/www.verredart.fr\/verre-dart-bijoux-en-verre-recycle\/bracelets-en-verre-recycle\/bracelet-en-verre-recycle-citrons-bijou-vitamine-fait-main\/","name":"Bracelet en verre recycl\u00e9 citron jaune fait main","isPartOf":{"@id":"https:\/\/www.verredart.fr\/#website"},"primaryImageOfPage":{"@id":"https:\/\/www.verredart.fr\/verre-dart-bijoux-en-verre-recycle\/bracelets-en-verre-recycle\/bracelet-en-verre-recycle-citrons-bijou-vitamine-fait-main\/#primaryimage"},"image":{"@id":"https:\/\/www.verredart.fr\/verre-dart-bijoux-en-verre-recycle\/bracelets-en-verre-recycle\/bracelet-en-verre-recycle-citrons-bijou-vitamine-fait-main\/#primaryimage"},"thumbnailUrl":"https:\/\/i0.wp.com\/www.verredart.fr\/wp-content\/uploads\/2026\/01\/IMG_5799.jpg?fit=1920%2C1080&ssl=1","datePublished":"2026-01-09T11:48:55+00:00","dateModified":"2026-04-23T17:51:21+00:00","description":"Un bracelet en verre recycl\u00e9 citron jaune fait main, issu d\u2019une tasse et d\u2019un verre \u2013 joyeux, \u00e9thique et unique, pr\u00eat \u00e0 illuminer ton poignet.","breadcrumb":{"@id":"https:\/\/www.verredart.fr\/verre-dart-bijoux-en-verre-recycle\/bracelets-en-verre-recycle\/bracelet-en-verre-recycle-citrons-bijou-vitamine-fait-main\/#breadcrumb"},"inLanguage":"en-US","potentialAction":[{"@type":"ReadAction","target":["https:\/\/www.verredart.fr\/verre-dart-bijoux-en-verre-recycle\/bracelets-en-verre-recycle\/bracelet-en-verre-recycle-citrons-bijou-vitamine-fait-main\/"]}]},{"@type":"ImageObject","inLanguage":"en-US","@id":"https:\/\/www.verredart.fr\/verre-dart-bijoux-en-verre-recycle\/bracelets-en-verre-recycle\/bracelet-en-verre-recycle-citrons-bijou-vitamine-fait-main\/#primaryimage","url":"https:\/\/i0.wp.com\/www.verredart.fr\/wp-content\/uploads\/2026\/01\/IMG_5799.jpg?fit=1920%2C1080&ssl=1","contentUrl":"https:\/\/i0.wp.com\/www.verredart.fr\/wp-content\/uploads\/2026\/01\/IMG_5799.jpg?fit=1920%2C1080&ssl=1","width":1920,"height":1080,"caption":"bracelet en verre recycl\u00e9 citron fait main \u2013 bijou \u00e9co-responsable jaune et vert issu de vaisselle cass\u00e9e"},{"@type":"BreadcrumbList","@id":"https:\/\/www.verredart.fr\/verre-dart-bijoux-en-verre-recycle\/bracelets-en-verre-recycle\/bracelet-en-verre-recycle-citrons-bijou-vitamine-fait-main\/#breadcrumb","itemListElement":[{"@type":"ListItem","position":1,"name":"Collections","item":"https:\/\/www.verredart.fr\/verre-dart-bijoux-en-verre-recycle\/boutique-bijoux-en-verre-culinaire-recycle\/"},{"@type":"ListItem","position":2,"name":"Bracelets","item":"https:\/\/www.verredart.fr\/bijoux-en-verre-recycle\/bracelets-en-verre-recycle\/"},{"@type":"ListItem","position":3,"name":"Bracelet en verre recycl\u00e9 citrons \u2013 bijou vitamin\u00e9 fait main"}]},{"@type":"WebSite","@id":"https:\/\/www.verredart.fr\/#website","url":"https:\/\/www.verredart.fr\/","name":"Verre d'Art","description":"Recyclage de verre non recyclable en cr\u00e9ations uniques et engag\u00e9s","publisher":{"@id":"https:\/\/www.verredart.fr\/#organization"},"potentialAction":[{"@type":"SearchAction","target":{"@type":"EntryPoint","urlTemplate":"https:\/\/www.verredart.fr\/?s={search_term_string}"},"query-input":{"@type":"PropertyValueSpecification","valueRequired":true,"valueName":"search_term_string"}}],"inLanguage":"en-US"},{"@type":"Organization","@id":"https:\/\/www.verredart.fr\/#organization","name":"Verre d'Art","url":"https:\/\/www.verredart.fr\/","logo":{"@type":"ImageObject","inLanguage":"en-US","@id":"https:\/\/www.verredart.fr\/#\/schema\/logo\/image\/","url":"","contentUrl":"","caption":"Verre d'Art"},"image":{"@id":"https:\/\/www.verredart.fr\/#\/schema\/logo\/image\/"},"sameAs":["https:\/\/www.facebook.com\/Verredart","https:\/\/x.com\/verredart","https:\/\/www.instagram.com\/Verre_dart","https:\/\/www.pinterest.fr\/verredart\/"]}]}},"jetpack_sharing_enabled":true,"_links":{"self":[{"href":"https:\/\/www.verredart.fr\/en\/wp-json\/wp\/v2\/product\/6421","targetHints":{"allow":["GET"]}}],"collection":[{"href":"https:\/\/www.verredart.fr\/en\/wp-json\/wp\/v2\/product"}],"about":[{"href":"https:\/\/www.verredart.fr\/en\/wp-json\/wp\/v2\/types\/product"}],"wp:featuredmedia":[{"embeddable":true,"href":"https:\/\/www.verredart.fr\/en\/wp-json\/wp\/v2\/media\/6422"}],"wp:attachment":[{"href":"https:\/\/www.verredart.fr\/en\/wp-json\/wp\/v2\/media?parent=6421"}],"wp:term":[{"taxonomy":"product_brand","embeddable":true,"href":"https:\/\/www.verredart.fr\/en\/wp-json\/wp\/v2\/product_brand?post=6421"},{"taxonomy":"product_cat","embeddable":true,"href":"https:\/\/www.verredart.fr\/en\/wp-json\/wp\/v2\/product_cat?post=6421"},{"taxonomy":"product_tag","embeddable":true,"href":"https:\/\/www.verredart.fr\/en\/wp-json\/wp\/v2\/product_tag?post=6421"}],"curies":[{"name":"wp","href":"https:\/\/api.w.org\/{rel}","templated":true}]}}